{"id":88,"date":"2014-05-31T09:00:03","date_gmt":"2014-05-31T07:00:03","guid":{"rendered":"http:\/\/www.unmb.ro\/eng\/?page_id=88"},"modified":"2014-05-31T11:21:40","modified_gmt":"2014-05-31T09:21:40","slug":"multimedia","status":"publish","type":"page","link":"http:\/\/old.unmb.ro\/eng\/about-us\/centers-direction\/multimedia\/","title":{"rendered":"Multimedia"},"content":{"rendered":"<p><em>Electroacoustic  Music and Multimedia Center<\/em> (CMeM). The activity of the center is structured  on two directions:<\/p>\n<ol style=\"list-style-type:lower-alpha\">\n<li><em>Education<\/em>: workstations,  synthesizers, computers and software (Windows and Apple systems) and MIDI audio  accessories are offered to the students in order to realize their creative  projects and experiments (analysis\/synthesis of audio, audio processing, mixes,  real-time processing and sound digital interactions). <\/li>\n<li><em>Research<\/em>: acoustic  analysis, software development, computer music, musical robotics, multimedia.<\/li>\n<\/ol>\n<p class=\"noindent\"> Contact: C\u0103t\u0103lin Cre\u0163u, PhD \u2013  coordinator, <a href=\"catcretu@yahoo.com%20\">catcretu@yahoo.com<\/a><\/p>\n","protected":false},"excerpt":{"rendered":"<p>Electroacoustic Music and Multimedia Center (CMeM). The activity of the center is structured on two directions: Education: workstations, synthesizers, computers and software (Windows and Apple systems) and MIDI audio accessories are offered to the students in order to realize their &hellip; <a href=\"http:\/\/old.unmb.ro\/eng\/about-us\/centers-direction\/multimedia\/\">Continue reading <span class=\"meta-nav\">&rarr;<\/span><\/a><\/p>\n","protected":false},"author":1,"featured_media":0,"parent":79,"menu_order":4,"comment_status":"closed","ping_status":"open","template":"","meta":[],"acf":[],"_links":{"self":[{"href":"http:\/\/old.unmb.ro\/eng\/wp-json\/wp\/v2\/pages\/88"}],"collection":[{"href":"http:\/\/old.unmb.ro\/eng\/wp-json\/wp\/v2\/pages"}],"about":[{"href":"http:\/\/old.unmb.ro\/eng\/wp-json\/wp\/v2\/types\/page"}],"author":[{"embeddable":true,"href":"http:\/\/old.unmb.ro\/eng\/wp-json\/wp\/v2\/users\/1"}],"replies":[{"embeddable":true,"href":"http:\/\/old.unmb.ro\/eng\/wp-json\/wp\/v2\/comments?post=88"}],"version-history":[{"count":3,"href":"http:\/\/old.unmb.ro\/eng\/wp-json\/wp\/v2\/pages\/88\/revisions"}],"predecessor-version":[{"id":354,"href":"http:\/\/old.unmb.ro\/eng\/wp-json\/wp\/v2\/pages\/88\/revisions\/354"}],"up":[{"embeddable":true,"href":"http:\/\/old.unmb.ro\/eng\/wp-json\/wp\/v2\/pages\/79"}],"wp:attachment":[{"href":"http:\/\/old.unmb.ro\/eng\/wp-json\/wp\/v2\/media?parent=88"}],"curies":[{"name":"wp","href":"https:\/\/api.w.org\/{rel}","templated":true}]}}