{"id":68,"date":"2014-05-31T08:55:05","date_gmt":"2014-05-31T06:55:05","guid":{"rendered":"http:\/\/www.unmb.ro\/eng\/?page_id=68"},"modified":"2015-03-23T14:25:13","modified_gmt":"2015-03-23T12:25:13","slug":"thesis","status":"publish","type":"page","link":"http:\/\/old.unmb.ro\/eng\/about-us\/faculties-ensembles\/doctoral-school\/thesis\/","title":{"rendered":"Thesis"},"content":{"rendered":"<p><div class=\"download\"><a href=\"http:\/\/www.unmb.ro\/wp-content\/uploads\/2011\/06\/11-06-20.pdf\" class=\"noindent downLink pdf\" ><span>20 iunie 2011 \u2013 CORINA-ALEXANDRA RADUCANU<\/span><\/a><\/div><br \/>\n<div class=\"download\"><a href=\"http:\/\/www.unmb.ro\/wp-content\/uploads\/2011\/06\/11-06-23.pdf\" class=\"noindent downLink pdf\" ><span>23 iunie 2011 \u2013 ELENA CODRUTA OPREA<\/span><\/a><\/div><br \/>\n<div class=\"download\"><a href=\"http:\/\/www.unmb.ro\/wp-content\/uploads\/2011\/06\/11-06-24.pdf\" class=\"noindent downLink pdf\" ><span>24 iunie 2011 \u2013 GABRIEL ZAMFIR<\/span><\/a><\/div><br \/>\n<div class=\"download\"><a href=\"http:\/\/www.unmb.ro\/wp-content\/uploads\/2011\/06\/11-06-28.pdf\" class=\"noindent downLink pdf\" ><span>28 iunie 2011 \u2013 RODICA-ORTENSIA ZEMAN<\/span><\/a><\/div><br \/>\n<div class=\"download\"><a href=\"http:\/\/www.unmb.ro\/wp-content\/uploads\/2011\/06\/11-06-29.pdf\" class=\"noindent downLink pdf\" ><span>29 iunie 2011 \u2013 CONSTANTIN SOARE<\/span><\/a><\/div><br \/>\n<div class=\"download\"><a href=\"http:\/\/www.unmb.ro\/wp-content\/uploads\/2011\/06\/11-06-30.pdf\" class=\"noindent downLink pdf\" ><span>30 iunie 2011 \u2013 ROBERT-DANIEL RADOIAS<\/span><\/a><\/div><br \/>\n<div class=\"download\"><a href=\"http:\/\/www.unmb.ro\/wp-content\/uploads\/2011\/06\/11-09-08.pdf\" class=\"noindent downLink pdf\" ><span>8 septembrie 2011 \u2013 ADRIANA TOACSEN<\/span><\/a><\/div><br \/>\n<div class=\"download\"><a href=\"http:\/\/www.unmb.ro\/wp-content\/uploads\/2011\/06\/11-09-12.pdf\" class=\"noindent downLink pdf\" ><span>12 septembrie 2011 \u2013 MATEI \u015eERBAN ROGOZ<\/span><\/a><\/div><br \/>\n<div class=\"download\"><a href=\"http:\/\/www.unmb.ro\/wp-content\/uploads\/2011\/06\/11-10-05.pdf\" class=\"noindent downLink pdf\" ><span>5 octombrie 2011 \u2013 ECATERINA-AURORA LAL<\/span><\/a><\/div><br \/>\n<div class=\"download\"><a href=\"http:\/\/www.unmb.ro\/wp-content\/uploads\/2011\/06\/11-10-14.pdf\" class=\"noindent downLink pdf\" ><span>14 octombrie 2011 \u2013 DUMITRU PAS\u0102RE<\/span><\/a><\/div><br \/>\n<div class=\"download\"><a href=\"http:\/\/www.unmb.ro\/wp-content\/uploads\/2011\/06\/11-10-20.pdf\" class=\"noindent downLink pdf\" ><span>20 octombrie 2011 \u2013 VICTOR-FERNANDO MIHALACHE<\/span><\/a><\/div><br \/>\n<div class=\"download\"><a href=\"http:\/\/www.unmb.ro\/wp-content\/uploads\/2011\/06\/11-10-242.pdf\" class=\"noindent downLink pdf\" ><span>24 octombrie 2011 \u2013 EMANUEL PECINGIN\u0102<\/span><\/a><\/div><br \/>\n<div class=\"download\"><a href=\"http:\/\/www.unmb.ro\/wp-content\/uploads\/2011\/06\/11-10-24.pdf\" class=\"noindent downLink pdf\" ><span>24 noiembrie 2011 \u2013 ANA MARIA OLTETEANU<\/span><\/a><\/div><br \/>\n<div class=\"download\"><a href=\"http:\/\/www.unmb.ro\/wp-content\/uploads\/2011\/06\/11-10-28.pdf\" class=\"noindent downLink pdf\" ><span>28 octombrie 2011 \u2013 CARMEN-ELENA POPADIUC<\/span><\/a><\/div><br \/>\n<div class=\"download\"><a href=\"http:\/\/www.unmb.ro\/wp-content\/uploads\/2011\/06\/11-11-01.pdf\" class=\"noindent downLink pdf\" ><span>1 noiembrie 2011 \u2013 MARIA BRZUCHOWSKA<\/span><\/a><\/div><br \/>\n<div class=\"download\"><a href=\"http:\/\/www.unmb.ro\/wp-content\/uploads\/2011\/06\/11-11-022.pdf\" class=\"noindent downLink pdf\" ><span>2 noiembrie 2011 \u2013 HORIA-NICOLAE MAXIM<\/span><\/a><\/div><br \/>\n<div class=\"download\"><a href=\"http:\/\/www.unmb.ro\/wp-content\/uploads\/2011\/06\/11-11-02.pdf\" class=\"noindent downLink pdf\" ><span>2 noiembrie 2011 \u2013 OLTEA \u015eERBAN-P\u00c2R\u00c2U<\/span><\/a><\/div><br \/>\n<div class=\"download\"><a href=\"http:\/\/www.unmb.ro\/wp-content\/uploads\/2011\/06\/11-11-042.pdf\" class=\"noindent downLink pdf\" ><span>4 noiembrie 2011 \u2013 GIORGE MARTIN<\/span><\/a><\/div><br \/>\n<div class=\"download\"><a href=\"http:\/\/www.unmb.ro\/wp-content\/uploads\/2011\/06\/11-11-04.pdf\" class=\"noindent downLink pdf\" ><span>4 noiembrie 2011 \u2013 OANA-ANDRA ULIERIU<\/span><\/a><\/div><br \/>\n<div class=\"download\"><a href=\"http:\/\/www.unmb.ro\/wp-content\/uploads\/2011\/06\/11-11-14.pdf\" class=\"noindent downLink pdf\" ><span>14 noiembrie 2011 \u2013 GRIGORE-CIPRIAN R\u0102DULESCU<\/span><\/a><\/div><br \/>\n<div class=\"download\"><a href=\"http:\/\/www.unmb.ro\/wp-content\/uploads\/2011\/06\/11-11-15.pdf\" class=\"noindent downLink pdf\" ><span>15 noiembrie 2011 \u2013 RUXANDRA MARIA OANCEA<\/span><\/a><\/div><br \/>\n<div class=\"download\"><a href=\"http:\/\/www.unmb.ro\/wp-content\/uploads\/2011\/06\/11-11-16.pdf\" class=\"noindent downLink pdf\" ><span>16 noiembrie 2011 \u2013 EUGEN DUMITRESCU<\/span><\/a><\/div><br \/>\n<div class=\"download\"><a href=\"http:\/\/www.unmb.ro\/wp-content\/uploads\/2011\/06\/11-11-17.pdf\" class=\"noindent downLink pdf\" ><span>17 noiembrie 2011 \u2013 LILIANA DUMITRACHE<\/span><\/a><\/div><br \/>\n<div class=\"download\"><a href=\"http:\/\/www.unmb.ro\/wp-content\/uploads\/2011\/06\/11-11-21.pdf\" class=\"noindent downLink pdf\" ><span>21 noiembrie 2011 \u2013 \u015eTEFANIA EMANUELA IU\u015eAN<\/span><\/a><\/div><br \/>\n<div class=\"download\"><a href=\"http:\/\/www.unmb.ro\/wp-content\/uploads\/2011\/06\/11-11-232.pdf\" class=\"noindent downLink pdf\" ><span>23 noiembrie 2011 \u2013 CRISTIAN IOAN ARDELEAN<\/span><\/a><\/div><br \/>\n<div class=\"download\"><a href=\"http:\/\/www.unmb.ro\/wp-content\/uploads\/2011\/06\/11-11-23.pdf\" class=\"noindent downLink pdf\" ><span>23 noiembrie 2011 \u2013 CRISTINA-ANCA POPESCU-ST\u0102NE\u015eTI<\/span><\/a><\/div><br \/>\n<div class=\"download\"><a href=\"http:\/\/www.unmb.ro\/wp-content\/uploads\/2011\/06\/11-12-09.pdf\" class=\"noindent downLink pdf\" ><span>9 decembrie 2011 \u2013 MIHAELA ROXANA PALADE<\/span><\/a><\/div><br \/>\n<div class=\"download\"><a href=\"http:\/\/www.unmb.ro\/wp-content\/uploads\/2011\/06\/11-12-12.pdf\" class=\"noindent downLink pdf\" ><span>12 decembrie 2011 \u2013 ADRIAN MARDAN<\/span><\/a><\/div><br \/>\n<div class=\"download\"><a href=\"http:\/\/www.unmb.ro\/wp-content\/uploads\/2011\/06\/11-12-142.pdf\" class=\"noindent downLink pdf\" ><span>14 decembrie 2011 \u2013 MIHAI M\u0102NICEANU<\/span><\/a><\/div><br \/>\n<div class=\"download\"><a href=\"http:\/\/www.unmb.ro\/wp-content\/uploads\/2011\/06\/11-12-141.pdf\" class=\"noindent downLink pdf\" ><span>21 decembrie 2011 \u2013 MARIA CHIFU<\/span><\/a><\/div><br \/>\n<div class=\"download\"><a href=\"http:\/\/www.unmb.ro\/wp-content\/uploads\/2011\/06\/11-12-15.pdf\" class=\"noindent downLink pdf\" ><span>15 decembrie 2011 \u2013 RALUCA CIMPOI<\/span><\/a><\/div><br \/>\n<div class=\"download\"><a href=\"http:\/\/www.unmb.ro\/wp-content\/uploads\/2011\/06\/11-12-19.pdf\" class=\"noindent downLink pdf\" ><span>14 decembrie 2011 \u2013 IULIAN RUSU<\/span><\/a><\/div><br \/>\n<div class=\"download\"><a href=\"http:\/\/www.unmb.ro\/wp-content\/uploads\/2011\/06\/11-12-201.pdf\" class=\"noindent downLink pdf\" ><span>19 decembrie 2011 \u2013 MARIA TUFEANU<\/span><\/a><\/div><br \/>\n<div class=\"download\"><a href=\"http:\/\/www.unmb.ro\/wp-content\/uploads\/2011\/06\/11-12-21.pdf\" class=\"noindent downLink pdf\" ><span>20 decembrie 2011 \u2013 SABINA ADAM<\/span><\/a><\/div><br \/>\n<div class=\"download\"><a href=\"http:\/\/www.unmb.ro\/wp-content\/uploads\/2011\/06\/11-12-16.pdf\" class=\"noindent downLink pdf\" ><span>16 decembrie 2011 \u2013 NICOLAE G\u00ceLCESCU<\/span><\/a><\/div><br \/>\n<div class=\"download\"><a href=\"http:\/\/www.unmb.ro\/wp-content\/uploads\/2011\/06\/11-12-20.pdf\" class=\"noindent downLink pdf\" ><span>20 decembrie 2011 \u2013 CAMELIA-ANCA S\u00c2RBU<\/span><\/a><\/div><br \/>\n<div class=\"download\"><a href=\"http:\/\/www.unmb.ro\/wp-content\/uploads\/2011\/06\/11-12-22.pdf\" class=\"noindent downLink pdf\" ><span>22 decembrie 2011 \u2013 ORNELA LI\u00c7I<\/span><\/a><\/div><br \/>\n<div class=\"download\"><a href=\"http:\/\/www.unmb.ro\/wp-content\/uploads\/2011\/06\/12-01-122.pdf\" class=\"noindent downLink pdf\" ><span>12 ianuarie 2012 \u2013 EUGEN DUMITRESCU<\/span><\/a><\/div><br \/>\n<div class=\"download\"><a href=\"http:\/\/www.unmb.ro\/wp-content\/uploads\/2011\/06\/12-01-12.pdf\" class=\"noindent downLink pdf\" ><span>12 ianuarie 2012 \u2013 R\u0102ZVAN VICTOR DRAGNEA<\/span><\/a><\/div><br \/>\n<div class=\"download\"><a href=\"http:\/\/www.unmb.ro\/wp-content\/uploads\/2011\/06\/12-02-24.pdf\" class=\"noindent downLink pdf\" ><span>24 februarie 2012 \u2013 ALEXANDRU-ADRIAN TOMESCU<\/span><\/a><\/div><br \/>\n<div class=\"download\"><a href=\"http:\/\/www.unmb.ro\/wp-content\/uploads\/2011\/06\/12-06-26.pdf\" class=\"noindent downLink pdf\" ><span>26 iunie 2012 \u2013 CRISTINA-LOREDANA GEORGESCU<\/span><\/a><\/div><br \/>\n<div class=\"download\"><a href=\"http:\/\/www.unmb.ro\/wp-content\/uploads\/2011\/06\/12-06-28.pdf\" class=\"noindent downLink pdf\" ><span>28 iunie 2012 \u2013 VICTORIA STAN<\/span><\/a><\/div><br \/>\n<div class=\"download\"><a href=\"http:\/\/www.unmb.ro\/wp-content\/uploads\/2011\/06\/12-09-04.pdf\" class=\"noindent downLink pdf\" ><span>4 septembrie 2012 \u2013 IOAN-EMANUEL CHERATA<\/span><\/a><\/div><br \/>\n<div class=\"download\"><a href=\"http:\/\/www.unmb.ro\/wp-content\/uploads\/2011\/06\/12-09-26.pdf\" class=\"noindent downLink pdf\" ><span>26 septembrie 2012 \u2013 MIHAI-LAUREN\u0162IU BEJINARIU<\/span><\/a><\/div><br \/>\n<div class=\"download\"><a href=\"http:\/\/www.unmb.ro\/wp-content\/uploads\/2011\/06\/12-10-19.pdf\" class=\"noindent downLink pdf\" ><span>19 octombrie 2012 \u2013 ALEXANDRU DRAGO\u015e MIH\u0102ILESCU<\/span><\/a><\/div><br \/>\n<div class=\"download\"><a href=\"http:\/\/www.unmb.ro\/wp-content\/uploads\/2011\/06\/12-10-29.pdf\" class=\"noindent downLink pdf\" ><span>29 octombrie 2012 \u2013 S\u0102NDEL SM\u0102R\u0102NDESCU<\/span><\/a><\/div><br \/>\n<div class=\"download\"><a href=\"http:\/\/www.unmb.ro\/wp-content\/uploads\/2011\/06\/12-12-05.pdf\" class=\"noindent downLink pdf\" ><span>5 decembrie 2012 \u2013 CRISTIAN-C\u0102LIN LUPE\u015e<\/span><\/a><\/div><br \/>\n<div class=\"download\"><a href=\"http:\/\/www.unmb.ro\/wp-content\/uploads\/2011\/06\/12-12-102.pdf\" class=\"noindent downLink pdf\" ><span>10 decembrie 2012 \u2013 CONSTANTIN BURDUN<\/span><\/a><\/div><br \/>\n<div class=\"download\"><a href=\"http:\/\/www.unmb.ro\/wp-content\/uploads\/2011\/06\/12-12-10.pdf\" class=\"noindent downLink pdf\" ><span>10 decembrie 2012 \u2013 GABRIEL BUGU<\/span><\/a><\/div><br \/>\n<div class=\"download\"><a href=\"http:\/\/www.unmb.ro\/wp-content\/uploads\/2011\/06\/12-12-17.pdf\" class=\"noindent downLink pdf\" ><span>17 decembrie 2012 \u2013 CONSTANTIN-R\u0102ZVAN \u015eTEFAN<\/span><\/a><\/div><br \/>\n<div class=\"download\"><a href=\"http:\/\/www.unmb.ro\/wp-content\/uploads\/2011\/06\/12-12-19.pdf\" class=\"noindent downLink pdf\" ><span>19 decembrie 2012 \u2013 IRINA IONESCU<\/span><\/a><\/div><br \/>\n<div class=\"download\"><a href=\"http:\/\/www.unmb.ro\/wp-content\/uploads\/2011\/06\/13-01-17.pdf\" class=\"noindent downLink pdf\" ><span>17 ianuarie 2013 \u2013 GABRIEL-VICEN\u0162IU ALMA\u015eI<\/span><\/a><\/div><br \/>\n<div class=\"download\"><a href=\"http:\/\/www.unmb.ro\/wp-content\/uploads\/2011\/06\/13-02-19.pdf\" class=\"noindent downLink pdf\" ><span>19 februarie 2013 \u2013 OLEG GARAZ<\/span><\/a><\/div><br \/>\n<div class=\"download\"><a href=\"http:\/\/www.unmb.ro\/wp-content\/uploads\/2011\/06\/13-03-27.pdf\" class=\"noindent downLink pdf\" ><span>27 martie 2013 \u2013 ALIN-LUCIAN IONESCU<\/span><\/a><\/div><br \/>\n<div class=\"download\"><a href=\"http:\/\/www.unmb.ro\/wp-content\/uploads\/2011\/06\/13-03-28.pdf\" class=\"noindent downLink pdf\" ><span>28 martie 2013 \u2013 DANIEL MIHAI<\/span><\/a><\/div><br \/>\n<div class=\"download\"><a href=\"http:\/\/www.unmb.ro\/wp-content\/uploads\/2013\/08\/3-iunie-2014.pdf\" class=\"noindent downLink pdf\" ><span>3 iunie 2014 \u2013 VALERICA MIRON<\/span><\/a><\/div><br \/>\n<div class=\"download\"><a href=\"http:\/\/www.unmb.ro\/wp-content\/uploads\/2013\/08\/4-iunie-2014.pdf\" class=\"noindent downLink pdf\" ><span>4 iunie 2014 \u2013 DIANA-ALEXANDRA MARIAN<\/span><\/a><\/div><br \/>\n<div class=\"download\"><a href=\"http:\/\/www.unmb.ro\/wp-content\/uploads\/2013\/08\/24-iunie-2014.pdf\" class=\"noindent downLink pdf\" ><span>24 iunie 2014 \u2013 CORNELIA-NELI DODAN<\/span><\/a><\/div><br \/>\n<div class=\"download\"><a href=\"http:\/\/www.unmb.ro\/wp-content\/uploads\/2013\/08\/Afise-teze-pt-site-28-oct.pdf\" class=\"noindent downLink pdf\" ><span>28 octombrie 2014 \u2013 IULIANA SCHECK-DUNAI (\u00c1RKOSI)<\/span><\/a><\/div><br \/>\n<div class=\"download\"><a href=\"http:\/\/www.unmb.ro\/wp-content\/uploads\/2013\/08\/Afise-teze-pt-site-29-oct.pdf\" class=\"noindent downLink pdf\" ><span>29 octombrie 2014 \u2013 ANCA PREDA (PREDA-ULI\u0162\u0102)<\/span><\/a><\/div><\/p>\n","protected":false},"excerpt":{"rendered":"","protected":false},"author":1,"featured_media":0,"parent":60,"menu_order":4,"comment_status":"closed","ping_status":"open","template":"","meta":[],"acf":[],"_links":{"self":[{"href":"http:\/\/old.unmb.ro\/eng\/wp-json\/wp\/v2\/pages\/68"}],"collection":[{"href":"http:\/\/old.unmb.ro\/eng\/wp-json\/wp\/v2\/pages"}],"about":[{"href":"http:\/\/old.unmb.ro\/eng\/wp-json\/wp\/v2\/types\/page"}],"author":[{"embeddable":true,"href":"http:\/\/old.unmb.ro\/eng\/wp-json\/wp\/v2\/users\/1"}],"replies":[{"embeddable":true,"href":"http:\/\/old.unmb.ro\/eng\/wp-json\/wp\/v2\/comments?post=68"}],"version-history":[{"count":2,"href":"http:\/\/old.unmb.ro\/eng\/wp-json\/wp\/v2\/pages\/68\/revisions"}],"predecessor-version":[{"id":654,"href":"http:\/\/old.unmb.ro\/eng\/wp-json\/wp\/v2\/pages\/68\/revisions\/654"}],"up":[{"embeddable":true,"href":"http:\/\/old.unmb.ro\/eng\/wp-json\/wp\/v2\/pages\/60"}],"wp:attachment":[{"href":"http:\/\/old.unmb.ro\/eng\/wp-json\/wp\/v2\/media?parent=68"}],"curies":[{"name":"wp","href":"https:\/\/api.w.org\/{rel}","templated":true}]}}