{"id":66,"date":"2014-05-31T08:54:43","date_gmt":"2014-05-31T06:54:43","guid":{"rendered":"http:\/\/www.unmb.ro\/eng\/?page_id=66"},"modified":"2014-05-31T11:14:41","modified_gmt":"2014-05-31T09:14:41","slug":"tutors","status":"publish","type":"page","link":"http:\/\/old.unmb.ro\/eng\/about-us\/faculties-ensembles\/doctoral-school\/tutors\/","title":{"rendered":"Tutors"},"content":{"rendered":"<ol class=\"nolist\">\n<li>Prof. Dana Bor\u015fan, PhD<\/li>\n<li>Prof. Nicolae Br\u00e2ndu\u015f, PhD<\/li>\n<li>Prof. Dan  Buciu , PhD<\/li>\n<li>Prof. Magda Buciu, PhD<\/li>\n<li>Prof. Sebastian Barbu Bucur, PhD<\/li>\n<li>Prof. Grigore  Constantinescu, PhD<\/li>\n<li>Prof. Octavian Laz\u0103r Cosma, PhD<\/li>\n<li>Prof. Liviu  D\u0103nceanu, PhD<\/li>\n<li>Prof. Dan Dediu-Sandu, PhD<\/li>\n<li>Prof. Valentina Sandu-Dediu, PhD<\/li>\n<li>Prof. Eleonora En\u0103chescu, PhD<\/li>\n<li>Prof. Adrian Iorgulescu , PhD<\/li>\n<li>Prof. Alexandru Leahu, PhD<\/li>\n<li>Prof. Octavian Nemescu, PhD<\/li>\n<li>Prof. Liliana R\u0103dulescu, PhD<\/li>\n<li>Prof. \u015eerban  Dimitrie  Soreanu, PhD<\/li>\n<li>Prof. Teodor \u0162u\u0163uianu, PhD<\/li>\n<li>Prof. Ulpiu Vlad, PhD<\/li>\n<li>C.P. I Speran\u0163a R\u0103dulescu, PhD<\/li>\n<\/ol>\n","protected":false},"excerpt":{"rendered":"<p>Prof. Dana Bor\u015fan, PhD Prof. Nicolae Br\u00e2ndu\u015f, PhD Prof. Dan Buciu , PhD Prof. Magda Buciu, PhD Prof. Sebastian Barbu Bucur, PhD Prof. Grigore Constantinescu, PhD Prof. Octavian Laz\u0103r Cosma, PhD Prof. Liviu D\u0103nceanu, PhD Prof. Dan Dediu-Sandu, PhD Prof. &hellip; <a href=\"http:\/\/old.unmb.ro\/eng\/about-us\/faculties-ensembles\/doctoral-school\/tutors\/\">Continue reading <span class=\"meta-nav\">&rarr;<\/span><\/a><\/p>\n","protected":false},"author":1,"featured_media":0,"parent":60,"menu_order":3,"comment_status":"closed","ping_status":"open","template":"","meta":[],"acf":[],"_links":{"self":[{"href":"http:\/\/old.unmb.ro\/eng\/wp-json\/wp\/v2\/pages\/66"}],"collection":[{"href":"http:\/\/old.unmb.ro\/eng\/wp-json\/wp\/v2\/pages"}],"about":[{"href":"http:\/\/old.unmb.ro\/eng\/wp-json\/wp\/v2\/types\/page"}],"author":[{"embeddable":true,"href":"http:\/\/old.unmb.ro\/eng\/wp-json\/wp\/v2\/users\/1"}],"replies":[{"embeddable":true,"href":"http:\/\/old.unmb.ro\/eng\/wp-json\/wp\/v2\/comments?post=66"}],"version-history":[{"count":2,"href":"http:\/\/old.unmb.ro\/eng\/wp-json\/wp\/v2\/pages\/66\/revisions"}],"predecessor-version":[{"id":346,"href":"http:\/\/old.unmb.ro\/eng\/wp-json\/wp\/v2\/pages\/66\/revisions\/346"}],"up":[{"embeddable":true,"href":"http:\/\/old.unmb.ro\/eng\/wp-json\/wp\/v2\/pages\/60"}],"wp:attachment":[{"href":"http:\/\/old.unmb.ro\/eng\/wp-json\/wp\/v2\/media?parent=66"}],"curies":[{"name":"wp","href":"https:\/\/api.w.org\/{rel}","templated":true}]}}