{"id":62,"date":"2014-05-31T08:54:16","date_gmt":"2014-05-31T06:54:16","guid":{"rendered":"http:\/\/www.unmb.ro\/eng\/?page_id=62"},"modified":"2014-05-31T11:13:18","modified_gmt":"2014-05-31T09:13:18","slug":"council","status":"publish","type":"page","link":"http:\/\/old.unmb.ro\/eng\/about-us\/faculties-ensembles\/doctoral-school\/council\/","title":{"rendered":"Council"},"content":{"rendered":"<h2>Componen\u0163a Consiliului  \u015ecolii Doctorale din U.N.M.B.<\/h2>\n<ol>\n<li>Prof. \u015eerban Dimitrie Soreanu, PhD<\/li>\n<li>Prof. Dan Dediu-Sandu, PhD<\/li>\n<li>Prof. Dana Bor\u015fan, PhD<\/li>\n<li>Prof. Dan Buciu, PhD<\/li>\n<li>Andrei Dimitriu<\/li>\n<li>Horia Andreescu, PhD<\/li>\n<li>Drd. Tiberiu Soare<\/li>\n<\/ol>\n","protected":false},"excerpt":{"rendered":"<p>Componen\u0163a Consiliului \u015ecolii Doctorale din U.N.M.B. Prof. \u015eerban Dimitrie Soreanu, PhD Prof. Dan Dediu-Sandu, PhD Prof. Dana Bor\u015fan, PhD Prof. Dan Buciu, PhD Andrei Dimitriu Horia Andreescu, PhD Drd. Tiberiu Soare<\/p>\n","protected":false},"author":1,"featured_media":0,"parent":60,"menu_order":1,"comment_status":"closed","ping_status":"open","template":"","meta":[],"acf":[],"_links":{"self":[{"href":"http:\/\/old.unmb.ro\/eng\/wp-json\/wp\/v2\/pages\/62"}],"collection":[{"href":"http:\/\/old.unmb.ro\/eng\/wp-json\/wp\/v2\/pages"}],"about":[{"href":"http:\/\/old.unmb.ro\/eng\/wp-json\/wp\/v2\/types\/page"}],"author":[{"embeddable":true,"href":"http:\/\/old.unmb.ro\/eng\/wp-json\/wp\/v2\/users\/1"}],"replies":[{"embeddable":true,"href":"http:\/\/old.unmb.ro\/eng\/wp-json\/wp\/v2\/comments?post=62"}],"version-history":[{"count":2,"href":"http:\/\/old.unmb.ro\/eng\/wp-json\/wp\/v2\/pages\/62\/revisions"}],"predecessor-version":[{"id":345,"href":"http:\/\/old.unmb.ro\/eng\/wp-json\/wp\/v2\/pages\/62\/revisions\/345"}],"up":[{"embeddable":true,"href":"http:\/\/old.unmb.ro\/eng\/wp-json\/wp\/v2\/pages\/60"}],"wp:attachment":[{"href":"http:\/\/old.unmb.ro\/eng\/wp-json\/wp\/v2\/media?parent=62"}],"curies":[{"name":"wp","href":"https:\/\/api.w.org\/{rel}","templated":true}]}}