{"id":33,"date":"2014-05-31T08:47:19","date_gmt":"2014-05-31T06:47:19","guid":{"rendered":"http:\/\/www.unmb.ro\/eng\/?page_id=33"},"modified":"2014-11-14T09:36:16","modified_gmt":"2014-11-14T07:36:16","slug":"technical-division","status":"publish","type":"page","link":"http:\/\/old.unmb.ro\/eng\/about-us\/leadership-administration\/divisions\/technical-division\/","title":{"rendered":"Technical Division"},"content":{"rendered":"<h2>\u015eef Serviciu<\/h2>\n<h3>Ing. George T\u0103n\u0103sescu <\/h3>\n<table class=\"conactTable\">\n<tr>\n<td width=\"53\">Tel.\/fax:<\/td>\n<td>021 315 89 08<\/td>\n<\/tr>\n<\/table>\n<h2>\u015eef Compartiment Achizi\u0163ii<\/h2>\n<h3>Admin. fin. Eugenia Toma<\/h3>\n<table class=\"conactTable\">\n<tr>\n<td width=\"53\">Tel.\/fax:<\/td>\n<td>021 314 26 36<\/td>\n<\/tr>\n<\/table>\n<h2>\u015eef Compartiment \u00centre\u0163inere \u015fi Repara\u0163ii<\/h2>\n<h3>Tehn. pr. Ion Cazan<\/h3>\n<table class=\"conactTable\">\n<tr>\n<td width=\"53\">Tel.:<\/td>\n<td>021 314 26 10\/ 172<\/td>\n<\/tr>\n<\/table>\n<h2>Responsabil I.T.<\/h2>\n<h3>Radu Voinea<\/h3>\n","protected":false},"excerpt":{"rendered":"<p>\u015eef Serviciu Ing. George T\u0103n\u0103sescu Tel.\/fax: 021 315 89 08 \u015eef Compartiment Achizi\u0163ii Admin. fin. Eugenia Toma Tel.\/fax: 021 314 26 36 \u015eef Compartiment \u00centre\u0163inere \u015fi Repara\u0163ii Tehn. pr. Ion Cazan Tel.: 021 314 26 10\/ 172 Responsabil I.T. Radu &hellip; <a href=\"http:\/\/old.unmb.ro\/eng\/about-us\/leadership-administration\/divisions\/technical-division\/\">Continue reading <span class=\"meta-nav\">&rarr;<\/span><\/a><\/p>\n","protected":false},"author":1,"featured_media":0,"parent":21,"menu_order":6,"comment_status":"closed","ping_status":"open","template":"","meta":[],"acf":[],"_links":{"self":[{"href":"http:\/\/old.unmb.ro\/eng\/wp-json\/wp\/v2\/pages\/33"}],"collection":[{"href":"http:\/\/old.unmb.ro\/eng\/wp-json\/wp\/v2\/pages"}],"about":[{"href":"http:\/\/old.unmb.ro\/eng\/wp-json\/wp\/v2\/types\/page"}],"author":[{"embeddable":true,"href":"http:\/\/old.unmb.ro\/eng\/wp-json\/wp\/v2\/users\/1"}],"replies":[{"embeddable":true,"href":"http:\/\/old.unmb.ro\/eng\/wp-json\/wp\/v2\/comments?post=33"}],"version-history":[{"count":2,"href":"http:\/\/old.unmb.ro\/eng\/wp-json\/wp\/v2\/pages\/33\/revisions"}],"predecessor-version":[{"id":582,"href":"http:\/\/old.unmb.ro\/eng\/wp-json\/wp\/v2\/pages\/33\/revisions\/582"}],"up":[{"embeddable":true,"href":"http:\/\/old.unmb.ro\/eng\/wp-json\/wp\/v2\/pages\/21"}],"wp:attachment":[{"href":"http:\/\/old.unmb.ro\/eng\/wp-json\/wp\/v2\/media?parent=33"}],"curies":[{"name":"wp","href":"https:\/\/api.w.org\/{rel}","templated":true}]}}