{"id":27,"date":"2014-05-31T08:45:55","date_gmt":"2014-05-31T06:45:55","guid":{"rendered":"http:\/\/www.unmb.ro\/eng\/?page_id=27"},"modified":"2014-11-14T09:34:49","modified_gmt":"2014-11-14T07:34:49","slug":"concert-studio","status":"publish","type":"page","link":"http:\/\/old.unmb.ro\/eng\/about-us\/leadership-administration\/divisions\/concert-studio\/","title":{"rendered":"Concert Studio"},"content":{"rendered":"<p>Serviciul Studio Spectacole programeaz\u0103  stagiunea de concerte \u015fi recitaluri a Universit\u0103\u0163ii Na\u0163ionale de Muzic\u0103 din  Bucure\u015fti, \u00a0organizeaz\u0103, coordoneaz\u0103 \u015fi  se implic\u0103 \u00een activit\u0103\u0163ile muzicale, artistice \u015fi culturale desf\u0103\u015furate \u00een  cadrul UNMB, ini\u0163iate de c\u0103tre institu\u0163ie sau de partenerii acestei.<\/p>\n<p>Universitatea Na\u0163ional\u0103 de Muzic\u0103 din  Bucure\u015fti, prin Serviciul Studio Spectacole, pune la dispozi\u0163ia cadrelor  didactice, studen\u0163ilor \u015fi a persoanelor interesate, trei s\u0103li de concerte \u015fi  conferin\u0163e dotate cu echipament tehnic \u015fi pian:<\/p>\n<p><\/p>\n<p class=\"noindent\">Sala George Enescu\u00a0 &#8211; 265 locuri<br \/>\n(164 \u2013 parter, 101 \u2013 balcon)<\/p>\n<p class=\"noindent\">Studioul de Oper\u0103 \u015fi Multimedia &#8211; 268 locuri<br \/>\n(177 &#8211; parter, 45 &#8211; balcon I,  46 &#8211; balcon II)<\/p>\n<p class=\"noindent\">Sala Dinu Lipatti \u2013 50 locuri.<\/p>\n<p><\/p>\n<h2>\u0218ef serviciu \u2013 Dan Bujor \u2013 regizor platou<\/h2>\n<h2>Secretariat Artistic<\/h2>\n<p class=\"noindent\">Mihaela Ionescu \u2013 secretar artistic<br \/>\nCristina Uruc \u2013 secretar artistic<\/p>\n<table class=\"conactTable\">\n<tr>\n<td>Tel:<\/td>\n<td>021 314 26 37<\/td>\n<\/tr>\n<tr>\n<td><\/td>\n<td>021 314 26 10 int. 141<\/td>\n<\/tr>\n<tr>\n<td>E-mail:<\/td>\n<td><a href=\"mailto:artistic@unmb.ro\">artistic@unmb.ro<\/a><\/td>\n<\/tr>\n<\/table>\n","protected":false},"excerpt":{"rendered":"<p>Serviciul Studio Spectacole programeaz\u0103 stagiunea de concerte \u015fi recitaluri a Universit\u0103\u0163ii Na\u0163ionale de Muzic\u0103 din Bucure\u015fti, \u00a0organizeaz\u0103, coordoneaz\u0103 \u015fi se implic\u0103 \u00een activit\u0103\u0163ile muzicale, artistice \u015fi culturale desf\u0103\u015furate \u00een cadrul UNMB, ini\u0163iate de c\u0103tre institu\u0163ie sau de partenerii acestei. Universitatea &hellip; <a href=\"http:\/\/old.unmb.ro\/eng\/about-us\/leadership-administration\/divisions\/concert-studio\/\">Continue reading <span class=\"meta-nav\">&rarr;<\/span><\/a><\/p>\n","protected":false},"author":1,"featured_media":0,"parent":21,"menu_order":3,"comment_status":"closed","ping_status":"open","template":"","meta":[],"acf":[],"_links":{"self":[{"href":"http:\/\/old.unmb.ro\/eng\/wp-json\/wp\/v2\/pages\/27"}],"collection":[{"href":"http:\/\/old.unmb.ro\/eng\/wp-json\/wp\/v2\/pages"}],"about":[{"href":"http:\/\/old.unmb.ro\/eng\/wp-json\/wp\/v2\/types\/page"}],"author":[{"embeddable":true,"href":"http:\/\/old.unmb.ro\/eng\/wp-json\/wp\/v2\/users\/1"}],"replies":[{"embeddable":true,"href":"http:\/\/old.unmb.ro\/eng\/wp-json\/wp\/v2\/comments?post=27"}],"version-history":[{"count":2,"href":"http:\/\/old.unmb.ro\/eng\/wp-json\/wp\/v2\/pages\/27\/revisions"}],"predecessor-version":[{"id":579,"href":"http:\/\/old.unmb.ro\/eng\/wp-json\/wp\/v2\/pages\/27\/revisions\/579"}],"up":[{"embeddable":true,"href":"http:\/\/old.unmb.ro\/eng\/wp-json\/wp\/v2\/pages\/21"}],"wp:attachment":[{"href":"http:\/\/old.unmb.ro\/eng\/wp-json\/wp\/v2\/media?parent=27"}],"curies":[{"name":"wp","href":"https:\/\/api.w.org\/{rel}","templated":true}]}}