{"id":25,"date":"2014-05-31T08:45:38","date_gmt":"2014-05-31T06:45:38","guid":{"rendered":"http:\/\/www.unmb.ro\/eng\/?page_id=25"},"modified":"2014-11-14T09:34:09","modified_gmt":"2014-11-14T07:34:09","slug":"library-media","status":"publish","type":"page","link":"http:\/\/old.unmb.ro\/eng\/about-us\/leadership-administration\/divisions\/library-media\/","title":{"rendered":"Library\/ Media"},"content":{"rendered":"<p class=\"indent\">Biblioteca \u015fi  Mediateca Universit\u0103\u0163ii  Na\u0163ionale de Muzic\u0103 din Bucure\u015fti de\u0163in \u00een inventar cursuri, partituri, c\u0103r\u0163i  de specialitate \u015fi beletristic\u0103, CD-uri, DVD-uri, discuri de vinil \u015fi casete  VCR.<\/p>\n<p class=\"indent\"> Toate materialele stau la dispozi\u0163ia studen\u0163ilor,  cadrelor didactice \u015fi a personalului U.N.M.B. De asemenea, Biblioteca \u015fi  Mediateca U.N.M.B. ofer\u0103 spre consultare \u015fi \u00eemprumut\u00a0 materialele din inventarul propriu \u015fi \u00een  regim extern.<\/p>\n<div class=\"download\"><a href=\"http:\/\/www.unmb.ro\/wp-content\/uploads\/2013\/08\/2012-regulament-de-organizare-functionare-si-administrare.pdf\" class=\"noindent downLink pdf\" ><span>Regulament de organizare, functionare si administrare 2012 <\/span><\/a><\/div>\n<h2>Abonamente<\/h2>\n<table border=\"1\" cellspacing=\"0\" cellpadding=\"0\" class=\"lines\">\n<tr>\n<td width=\"250\" valign=\"top\">Utilizatori<\/td>\n<td valign=\"top\">\n<p>\u00censcriere<\/p>\n<\/td>\n<td valign=\"top\">\n<p>Vizare\/re\u00eennoire<\/p>\n<\/td>\n<\/tr>\n<tr>\n<td valign=\"top\">\n<p>Studen\u0163i, masteranzi, doctoranzi, profesori examen    grad, profesori examen definitivat<\/p>\n<\/td>\n<td valign=\"top\">\n<p>5 lei \/an<\/p>\n<\/td>\n<td valign=\"top\">\n<p>3 lei \/an<\/p>\n<\/td>\n<\/tr>\n<tr>\n<td valign=\"top\">\n<p>Cadre didactice \u015fi salaria\u0163i U.N.M.B<\/p>\n<\/td>\n<td valign=\"top\">\n<p>8 lei\/ an<\/p>\n<\/td>\n<td valign=\"top\">\n<p>5 lei \/an<\/p>\n<\/td>\n<\/tr>\n<tr>\n<td valign=\"top\">\n<p>Utilizatori externi<\/p>\n<\/td>\n<td valign=\"top\">\n<p>8 lei \/zi<br \/>\n      30 lei \/lun\u0103<br \/>\n      80 lei \/an<\/p>\n<\/td>\n<td valign=\"top\">\n<p>6 lei \/zi<br \/>\n      20 lei \/lun\u0103<br \/>\n      60 lei \/an<\/p>\n<\/td>\n<\/tr>\n<tr>\n<td valign=\"top\">\n<p>Studen\u0163i, masteranzi, doctoranzi, profesori examen    grad, profesori examen definitivat I.E.M.S. <\/p>\n<\/td>\n<td valign=\"top\">\n<p>10 lei \/an<\/p>\n<\/td>\n<td valign=\"top\">\n<p>6 lei \/an<\/p>\n<\/td>\n<\/tr>\n<tr>\n<td valign=\"top\">\n<p>Cadre didactice I.E.M.S.<\/p>\n<\/td>\n<td valign=\"top\">\n<p>16 lei \/an<\/p>\n<\/td>\n<td valign=\"top\">\n<p>10 lei \/an<\/p>\n<\/td>\n<\/tr>\n<\/table>\n<p class=\"noindent\">Program de func\u0163ionare:<br \/>\nLuni \u2013 Vineri \u2013 8.00 \u2013 18.00<\/p>\n<p><\/p>\n<h2>Responsabil Bibliotec\u0103<\/h2>\n<h3>Ing. Maria Cioponea<\/h3>\n<table class=\"conactTable\">\n<tr>\n<td>Tel:<\/td>\n<td>021 313 12 25<\/td>\n<\/tr>\n<tr>\n<td><\/td>\n<td>021 314 26 10 \/109<\/td>\n<\/tr>\n<tr>\n<td>E-mail:<\/td>\n<td><a href=\"mailto:maria.cioponea@unmb.ro\">maria.cioponea@unmb.ro<\/a><\/td>\n<\/tr>\n<\/table>\n<h2>Responsabil Mediatec\u0103<\/h2>\n<h3>Diana  Antonescu<\/h3>\n<table class=\"conactTable\">\n<tr>\n<td width=\"53\">Tel:<\/td>\n<td>021 314 26 10 \/111<\/td>\n<\/tr>\n<\/table>\n","protected":false},"excerpt":{"rendered":"<p>Biblioteca \u015fi Mediateca Universit\u0103\u0163ii Na\u0163ionale de Muzic\u0103 din Bucure\u015fti de\u0163in \u00een inventar cursuri, partituri, c\u0103r\u0163i de specialitate \u015fi beletristic\u0103, CD-uri, DVD-uri, discuri de vinil \u015fi casete VCR. Toate materialele stau la dispozi\u0163ia studen\u0163ilor, cadrelor didactice \u015fi a personalului U.N.M.B. De &hellip; <a href=\"http:\/\/old.unmb.ro\/eng\/about-us\/leadership-administration\/divisions\/library-media\/\">Continue reading <span class=\"meta-nav\">&rarr;<\/span><\/a><\/p>\n","protected":false},"author":1,"featured_media":0,"parent":21,"menu_order":2,"comment_status":"closed","ping_status":"open","template":"","meta":[],"acf":[],"_links":{"self":[{"href":"http:\/\/old.unmb.ro\/eng\/wp-json\/wp\/v2\/pages\/25"}],"collection":[{"href":"http:\/\/old.unmb.ro\/eng\/wp-json\/wp\/v2\/pages"}],"about":[{"href":"http:\/\/old.unmb.ro\/eng\/wp-json\/wp\/v2\/types\/page"}],"author":[{"embeddable":true,"href":"http:\/\/old.unmb.ro\/eng\/wp-json\/wp\/v2\/users\/1"}],"replies":[{"embeddable":true,"href":"http:\/\/old.unmb.ro\/eng\/wp-json\/wp\/v2\/comments?post=25"}],"version-history":[{"count":2,"href":"http:\/\/old.unmb.ro\/eng\/wp-json\/wp\/v2\/pages\/25\/revisions"}],"predecessor-version":[{"id":578,"href":"http:\/\/old.unmb.ro\/eng\/wp-json\/wp\/v2\/pages\/25\/revisions\/578"}],"up":[{"embeddable":true,"href":"http:\/\/old.unmb.ro\/eng\/wp-json\/wp\/v2\/pages\/21"}],"wp:attachment":[{"href":"http:\/\/old.unmb.ro\/eng\/wp-json\/wp\/v2\/media?parent=25"}],"curies":[{"name":"wp","href":"https:\/\/api.w.org\/{rel}","templated":true}]}}