{"id":184,"date":"2014-05-31T09:15:59","date_gmt":"2014-05-31T07:15:59","guid":{"rendered":"http:\/\/www.unmb.ro\/eng\/?page_id=184"},"modified":"2014-06-30T08:56:41","modified_gmt":"2014-06-30T06:56:41","slug":"social-help","status":"publish","type":"page","link":"http:\/\/old.unmb.ro\/eng\/students\/social-help\/","title":{"rendered":"Social Help"},"content":{"rendered":"<p>Art. 22. din Regulamentul privind acordarea de burse pentru studen\u021bi<\/p>\n<ol style=\"list-style-type:upper-roman\" class=\"digits2\">\n<li>Bursa de ajutor social se acord\u0103 pe \u00eentreaga durat\u0103 a unui  semestru universitar.<\/li>\n<li>Pot beneficia de burs\u0103 de ajutor social, pe durata unui semestru,  studen\u0163ii de la \u00eenv\u0103\u0163\u0103m\u00e2ntul de zi care nu beneficiaz\u0103 de burs\u0103 de studiu sau  burs\u0103 de merit \u015fi care \u00eendeplinesc una din urm\u0103toarele condi\u0163ii:\n<ol  style=\"list-style-type:decimal\">\n<li>studen\u0163ii integrali\u015fti afla\u0163i pe locurile  bugetate, c\u0103rora li se aplic\u0103 prevederile art. 10, lit. r din Legea nr.  42\/1990, republicat\u0103, \u00een baza certificatului eliberat de Comisia pentru  aplicarea Legii nr. 42\/1990, certificat care atest\u0103 calitatea lor ori a unuia  dintre p\u0103rin\u0163i de &quot;Lupt\u0103tori pentru Victoria Revolu\u0163iei Rom\u00e2ne din  Decembrie 1989&quot; sau de &quot;Erou &#8211; martir&quot; &#8211; cu una din men\u0163iunile:  r\u0103nit, re\u0163inut r\u0103nit \u015fi re\u0163inut, remarcat prin fapte deosebite, \u00eenso\u0163it de  brevet semnat de Pre\u015fedintele Rom\u00e2niei;<\/li>\n<li>studen\u0163ii orfani de ambii p\u0103rin\u0163i, cei proveni\u0163i  din casele de copii sau plasament familial, care nu realizeaz\u0103 venituri;<\/li>\n<li>studen\u0163ii bolnavi TBC, care se afl\u0103 \u00een eviden\u0163a  unit\u0103\u0163ilor medicale, cei care sufer\u0103 de diabet, boli maligne, sindromuri de  malabsorb\u0163ie grave, insuficien\u0163\u0103 renal\u0103 cronic\u0103, glaucom, miopie grav\u0103, boli  imunologice, cei infecta\u0163i cu virusul HIV sau bolnavi de SIDA, spondilit\u0103  anchilozant\u0103 sau reumatism articulat acut;<\/li>\n<li>studen\u0163ii ale c\u0103ror familii nu au realizat \u00een  ultimele 3 luni un venit lunar net mediu pe membru de familie mai mare dec\u00e2t  salariul minim pe economie.<\/li>\n<\/ol>\n<\/li>\n<li>Documentele necesare pentru bursa de ajutor  social :\n<ol style=\"list-style-type:decimal\">\n<li>cerere tip;<\/li>\n<li>copie a buletinului \/ c\u0103r\u0163ii de identitate;<\/li>\n<li>copii ale buletinelor \/ c\u0103r\u0163ilor de identitate  ale p\u0103rin\u0163ilor;<\/li>\n<li>copii ale certificatelor de na\u015ftere \u015fi ale  buletinelor \/ c\u0103r\u0163ilor de identitate (dac\u0103 este cazul) ale celorlal\u0163i membri ai  familiei, afla\u0163i \u00een \u00eentre\u0163inerea p\u0103rin\u0163ilor;<\/li>\n<li>adeverin\u0163e de elev sau de student pentru  membrii familiei care urmeaz\u0103 o form\u0103 de \u00eenv\u0103\u0163\u0103m\u00e2nt;<\/li>\n<li>adeverin\u0163e privind cuantumul aloca\u0163iei primite  pentru copiii minori cu probleme medicale;<\/li>\n<li>documente justificative privind <em>veniturile  studen\u0163ilor <\/em>titulari ai cererii pentru acordarea bursei sociale \u015f<em>i ale p\u0103rin\u0163ilor  acestora<\/em>, dup\u0103 caz: a) cupoane sau adeverin\u0163\u0103 de la Casa de Pensii privind  cuantumul pensiei (indiferent de natura acesteia) pentru lunile care se iau \u00een  considerare; b) adeverin\u0163\u0103 de \u015fomaj; c) adeverin\u0163\u0103 de salariu net etc. <\/li>\n<li> copie dup\u0103 certificatul de deces, \u00een cazul \u00een  care studentul este orfan de un p\u0103rinte; se completeaz\u0103 cu adeverin\u0163\u0103 \/ cupoane  privind cuantumul pensiei de urma\u015f pentru student \u015fi fra\u0163ii acestuia;<\/li>\n<li>copie a hot\u0103r\u00e2rii judec\u0103tore\u015fti, \u00een cazul \u00een  care p\u0103rin\u0163ii sunt divor\u0163a\u0163i; se completeaz\u0103 cu adeverin\u0163\u0103 \/ cupoane privind  cuantumul pensiei alimentare, pentru student \u015fi fra\u0163ii acestuia;<\/li>\n<li>adeverin\u0163\u0103 de la Prim\u0103ria pe raza c\u0103reia \u00ee\u015fi  are domiciliul, privind veniturile nete ob\u0163inute din activit\u0103\u0163i de exploatare a  propriet\u0103\u0163ilor personale ale studentului \u015fi ale familiei: terenuri agricole, p\u0103duri,  chirii etc.<\/li>\n<li>documente justificative de la Administra\u0163ia  Financiar\u0103 privind veniturile nete ob\u0163inute din activit\u0103\u0163i autorizate (de  exemplu: chirii, persoane fizice autorizate, asocia\u0163ii familiale, societ\u0103\u0163i  comerciale).<\/li>\n<\/ol>\n<\/li>\n<\/ol>\n","protected":false},"excerpt":{"rendered":"<p>Art. 22. din Regulamentul privind acordarea de burse pentru studen\u021bi Bursa de ajutor social se acord\u0103 pe \u00eentreaga durat\u0103 a unui semestru universitar. Pot beneficia de burs\u0103 de ajutor social, pe durata unui semestru, studen\u0163ii de la \u00eenv\u0103\u0163\u0103m\u00e2ntul de zi &hellip; <a href=\"http:\/\/old.unmb.ro\/eng\/students\/social-help\/\">Continue reading <span class=\"meta-nav\">&rarr;<\/span><\/a><\/p>\n","protected":false},"author":1,"featured_media":0,"parent":172,"menu_order":5,"comment_status":"closed","ping_status":"open","template":"","meta":[],"acf":[],"_links":{"self":[{"href":"http:\/\/old.unmb.ro\/eng\/wp-json\/wp\/v2\/pages\/184"}],"collection":[{"href":"http:\/\/old.unmb.ro\/eng\/wp-json\/wp\/v2\/pages"}],"about":[{"href":"http:\/\/old.unmb.ro\/eng\/wp-json\/wp\/v2\/types\/page"}],"author":[{"embeddable":true,"href":"http:\/\/old.unmb.ro\/eng\/wp-json\/wp\/v2\/users\/1"}],"replies":[{"embeddable":true,"href":"http:\/\/old.unmb.ro\/eng\/wp-json\/wp\/v2\/comments?post=184"}],"version-history":[{"count":2,"href":"http:\/\/old.unmb.ro\/eng\/wp-json\/wp\/v2\/pages\/184\/revisions"}],"predecessor-version":[{"id":521,"href":"http:\/\/old.unmb.ro\/eng\/wp-json\/wp\/v2\/pages\/184\/revisions\/521"}],"up":[{"embeddable":true,"href":"http:\/\/old.unmb.ro\/eng\/wp-json\/wp\/v2\/pages\/172"}],"wp:attachment":[{"href":"http:\/\/old.unmb.ro\/eng\/wp-json\/wp\/v2\/media?parent=184"}],"curies":[{"name":"wp","href":"https:\/\/api.w.org\/{rel}","templated":true}]}}