{"id":150,"date":"2014-05-31T09:08:51","date_gmt":"2014-05-31T07:08:51","guid":{"rendered":"http:\/\/www.unmb.ro\/eng\/?page_id=150"},"modified":"2014-06-30T08:13:27","modified_gmt":"2014-06-30T06:13:27","slug":"calendar","status":"publish","type":"page","link":"http:\/\/old.unmb.ro\/eng\/admission\/doctorate\/calendar\/","title":{"rendered":"Calendar"},"content":{"rendered":"<h2>\u00cen aten\u0163ia candida\u0163ilor la concursul de admitere la doctorat sesiunea septembrie 2014, curs de zi<\/h2>\n<h3>I. Perioada de \u00eenscriere: 4 &#8211; 11 septembrie 2014<\/h3>\n<p>Program de depunere a dosarelor pentru \u00eenscrierea la concursul de admitere la doctorat sesiunea septembrie 2014<br \/>\n<\/p>\n<table width=\"100%\" border=\"0\" cellspacing=\"0\" cellpadding=\"5\" class=\"lines\">\n<tr>\n<td colspan=\"2\">Zilele:<\/td>\n<td>Orele<\/td>\n<\/tr>\n<tr>\n<td width=\"70\">Joi <\/td>\n<td>4 septembrie 2014<\/td>\n<td>10 \u2013 14<\/td>\n<\/tr>\n<tr>\n<td width=\"70\">Vineri<\/td>\n<td>5 septembrie 2014<\/td>\n<td>10 \u2013 12<\/td>\n<\/tr>\n<tr>\n<td width=\"70\">Luni<\/td>\n<td>8 septembrie 2014<\/td>\n<td>10 \u2013 11:30 \u015fi 14:30 \u2013 15:30<\/td>\n<\/tr>\n<tr>\n<td width=\"70\">Mar\u0163i<\/td>\n<td>9 septembrie 2014<\/td>\n<td>10 \u2013 14<\/td>\n<\/tr>\n<tr>\n<td width=\"70\">Miercuri<\/td>\n<td>10 septembrie 2014<\/td>\n<td>10 \u2013 12 \u015fi 13 \u2013 15<\/td>\n<\/tr>\n<tr>\n<td width=\"70\" height=\"29\">Joi<\/td>\n<td>11 septembrie 2014<\/td>\n<td>10 \u2013 12 \u015fi 13 \u2013 15<\/td>\n<\/tr>\n<\/table>\n<p class=\"noindent\"><em>Dosarele se depun la sala 105, iar taxa de \u00eenscriere se achit\u0103 la casieria U.N.M.B. corp &quot;C&quot;, parter<\/em><\/p>\n<ul>\n<li> Cererea de \u00eenscriere este obligatoriu de completat pe suport de h\u00e2rtie (\u00een 2 exemplare) \u015fi \u00een format electronic (C.D. \/ D.V.D. \u00een Microsoft Word \u2013 1 exemplar).<\/li>\n<li> Cererea de \u00eenscriere completat\u0103 at\u00e2t pe suport de h\u00e2rtie (cu num\u0103r de \u00eenregistrare la Registratura U.N.M.B.) c\u00e2t \u015fi \u00een format electronic se va depune \u00eempreun\u0103 cu celelalte documente din dosarele de \u00eenscriere, la sala 105.<\/li>\n<li> Cererea de \u00eenscriere \u00een format electronic se g\u0103se\u015fte pe site-ul www.unmb.ro<\/li>\n<\/ul>\n<p><\/p>\n<h3>II. Perioada de desf\u0103\u0219urare a concursului de admitere: 15 \u2013 30 sept. 2013<\/h3>\n<ul>\n<li>Testul de competen\u0163\u0103 lingvistic\u0103 (pentru o limb\u0103 de circula\u0163ie interna\u0163ional\u0103, la alegere dintre englez\u0103, german\u0103, francez\u0103 sau italian\u0103) se va desf\u0103\u015fura \u00een ziua de 15 septembrie 2014, \u00eencep\u00e2nd cu ora 10<\/li>\n<\/ul>\n","protected":false},"excerpt":{"rendered":"<p>\u00cen aten\u0163ia candida\u0163ilor la concursul de admitere la doctorat sesiunea septembrie 2014, curs de zi I. Perioada de \u00eenscriere: 4 &#8211; 11 septembrie 2014 Program de depunere a dosarelor pentru \u00eenscrierea la concursul de admitere la doctorat sesiunea septembrie 2014 &hellip; <a href=\"http:\/\/old.unmb.ro\/eng\/admission\/doctorate\/calendar\/\">Continue reading <span class=\"meta-nav\">&rarr;<\/span><\/a><\/p>\n","protected":false},"author":1,"featured_media":0,"parent":144,"menu_order":3,"comment_status":"closed","ping_status":"open","template":"","meta":[],"acf":[],"_links":{"self":[{"href":"http:\/\/old.unmb.ro\/eng\/wp-json\/wp\/v2\/pages\/150"}],"collection":[{"href":"http:\/\/old.unmb.ro\/eng\/wp-json\/wp\/v2\/pages"}],"about":[{"href":"http:\/\/old.unmb.ro\/eng\/wp-json\/wp\/v2\/types\/page"}],"author":[{"embeddable":true,"href":"http:\/\/old.unmb.ro\/eng\/wp-json\/wp\/v2\/users\/1"}],"replies":[{"embeddable":true,"href":"http:\/\/old.unmb.ro\/eng\/wp-json\/wp\/v2\/comments?post=150"}],"version-history":[{"count":2,"href":"http:\/\/old.unmb.ro\/eng\/wp-json\/wp\/v2\/pages\/150\/revisions"}],"predecessor-version":[{"id":467,"href":"http:\/\/old.unmb.ro\/eng\/wp-json\/wp\/v2\/pages\/150\/revisions\/467"}],"up":[{"embeddable":true,"href":"http:\/\/old.unmb.ro\/eng\/wp-json\/wp\/v2\/pages\/144"}],"wp:attachment":[{"href":"http:\/\/old.unmb.ro\/eng\/wp-json\/wp\/v2\/media?parent=150"}],"curies":[{"name":"wp","href":"https:\/\/api.w.org\/{rel}","templated":true}]}}