{"id":15,"date":"2014-05-31T08:44:17","date_gmt":"2014-05-31T06:44:17","guid":{"rendered":"http:\/\/www.unmb.ro\/eng\/?page_id=15"},"modified":"2016-06-13T06:25:19","modified_gmt":"2016-06-13T04:25:19","slug":"senate","status":"publish","type":"page","link":"http:\/\/old.unmb.ro\/eng\/about-us\/leadership-administration\/senate\/","title":{"rendered":"Senate"},"content":{"rendered":"<h2>President<\/h2>\n<h3>Prof. univ. Dan Dediu-Sandu<\/h3>\n<table class=\"conactTable\">\n<tr>\n<td>Tel:<\/td>\n<td>+40 21 314 26 10\/ 199<\/td>\n<\/tr>\n<tr>\n<td>E-mail:<\/td>\n<td><a href=\"mailto:dan.dediu@unmb.ro\">dan.dediu@unmb.ro<\/a><\/td>\n<\/tr>\n<\/table>\n<h2>Vice-President  <\/h2>\n<h3>Prof.univ.dr. Alexandru Matei<\/h3>\n<p><\/p>\n<h2>Componen\u021ba Senatului U.N.M.B.<\/h2>\n<ul class=\"nolist\">\n<li>Conf.univ.dr. Christian-Wilhelm  Berger<\/li>\n<li>Prof.univ.dr. Marin Cazacu <\/li>\n<li>Conf.univ.dr. Drago\u0219-Florin C\u0103lin <\/li>\n<li>Conf.univ.dr. Dalila Cern\u0103tescu<\/li>\n<li>Prof.univ.dr. Livia  Teodorescu-Cioc\u0103nea<\/li>\n<li>Prof.univ.dr. Mariana Copo\u0219<\/li>\n<li>Conf.univ.dr.  Ladislau-Antoniu Csendes <\/li>\n<li>Prof.univ.dr.  Dan Dediu-Sandu <\/li>\n<li>Prof.univ.dr.  Valentina Dediu-Sandu <\/li>\n<li>Prof.univ.dr.  Mihail Diaconescu <\/li>\n<li>Prof.univ.dr.  Vlad-Valentin Dimulescu <\/li>\n<li>Conf.univ.dr.  Marcel Frande\u015f <\/li>\n<li>Prof.univ.dr.  Nicolae Gheorghi\u0163\u0103\u00a0\u00a0\u00a0\u00a0\u00a0\u00a0\u00a0\u00a0\u00a0 <\/li>\n<li>Conf.univ.dr.  Roxana-Delia Gheorghiu <\/li>\n<li>Prof.univ.dr.  Olgu\u0163a-Carmen Lupu <\/li>\n<li>Prof.univ.dr.  Verona Maier\u00a0\u00a0 <\/li>\n<li>Prof.univ.dr.  Bianca-Luigia Manoleanu <\/li>\n<li>Prof.univ.dr.  Alexandru Matei <\/li>\n<li>Prof.univ.dr.  Viniciu-Lucian-Alois Moroianu <\/li>\n<li>Prof.univ.dr.  Diana-Asinefta Mo\u015f <\/li>\n<li>Prof.univ.dr.  Smaranda-Maria Murgan <\/li>\n<li>Lect.univ.dr.  Gabriel-Constantin Oprea <\/li>\n<li>Conf.univ.dr. Florinela  Popa <\/li>\n<li>Conf.univ.dr. Cristina-Anca Popescu-St\u0103ne\u0219ti <\/li>\n<li>Prof.univ.dr.  Stelu\u0163a Radu <\/li>\n<li>Prof.univ.dr.  Corina-Antigona R\u0103dulescu <\/li>\n<li>Conf.univ.dr. Cristina-Mihaela \u0218oreanu <\/li>\n<li>Prof.univ.dr.  Andrei T\u0103n\u0103sescu <\/li>\n<li>Prof.univ.dr.  Mircea Tiberian <\/li>\n<li>Conf.univ.dr. Emil Vi\u0219enescu\u00a0\u00a0\u00a0\u00a0\u00a0\u00a0\u00a0\u00a0\u00a0\u00a0\u00a0\u00a0\u00a0\u00a0 <\/li>\n<li>stud. R\u0103zvan Apetrei <\/li>\n<li>stud. Marina-Alexandra  Arsene\u00a0\u00a0\u00a0\u00a0\u00a0\u00a0\u00a0\u00a0\u00a0\u00a0\u00a0 <\/li>\n<li>stud. Ioan Brehuescu <\/li>\n<li>stud. Amalia-Vasilica  C\u0103pruci <\/li>\n<li>stud. Ana-Maria Cr\u0103ciun <\/li>\n<li>st.-drd. M\u0103d\u0103lina-Claudia D\u0103nil\u0103 <\/li>\n<li>stud. Ana Diaconu <\/li>\n<li>stud. Nicolae-Mihai-Nino Dobrovicescu\u00a0\u00a0\u00a0\u00a0\u00a0\u00a0\u00a0\u00a0\u00a0\u00a0\u00a0\u00a0\u00a0 <\/li>\n<li>stud. Mihai Gorgan <\/li>\n<li>stud. Cristiana Mihart \n  <\/li>\n<\/ul>\n","protected":false},"excerpt":{"rendered":"<p>President Prof. univ. Dan Dediu-Sandu Tel: +40 21 314 26 10\/ 199 E-mail: dan.dediu@unmb.ro Vice-President Prof.univ.dr. Alexandru Matei Componen\u021ba Senatului U.N.M.B. Conf.univ.dr. Christian-Wilhelm Berger Prof.univ.dr. Marin Cazacu Conf.univ.dr. Drago\u0219-Florin C\u0103lin Conf.univ.dr. Dalila Cern\u0103tescu Prof.univ.dr. Livia Teodorescu-Cioc\u0103nea Prof.univ.dr. Mariana Copo\u0219 Conf.univ.dr. &hellip; <a href=\"http:\/\/old.unmb.ro\/eng\/about-us\/leadership-administration\/senate\/\">Continue reading <span class=\"meta-nav\">&rarr;<\/span><\/a><\/p>\n","protected":false},"author":1,"featured_media":0,"parent":11,"menu_order":2,"comment_status":"closed","ping_status":"open","template":"","meta":[],"acf":[],"_links":{"self":[{"href":"http:\/\/old.unmb.ro\/eng\/wp-json\/wp\/v2\/pages\/15"}],"collection":[{"href":"http:\/\/old.unmb.ro\/eng\/wp-json\/wp\/v2\/pages"}],"about":[{"href":"http:\/\/old.unmb.ro\/eng\/wp-json\/wp\/v2\/types\/page"}],"author":[{"embeddable":true,"href":"http:\/\/old.unmb.ro\/eng\/wp-json\/wp\/v2\/users\/1"}],"replies":[{"embeddable":true,"href":"http:\/\/old.unmb.ro\/eng\/wp-json\/wp\/v2\/comments?post=15"}],"version-history":[{"count":5,"href":"http:\/\/old.unmb.ro\/eng\/wp-json\/wp\/v2\/pages\/15\/revisions"}],"predecessor-version":[{"id":726,"href":"http:\/\/old.unmb.ro\/eng\/wp-json\/wp\/v2\/pages\/15\/revisions\/726"}],"up":[{"embeddable":true,"href":"http:\/\/old.unmb.ro\/eng\/wp-json\/wp\/v2\/pages\/11"}],"wp:attachment":[{"href":"http:\/\/old.unmb.ro\/eng\/wp-json\/wp\/v2\/media?parent=15"}],"curies":[{"name":"wp","href":"https:\/\/api.w.org\/{rel}","templated":true}]}}