{"id":146,"date":"2014-05-31T09:08:27","date_gmt":"2014-05-31T07:08:27","guid":{"rendered":"http:\/\/www.unmb.ro\/eng\/?page_id=146"},"modified":"2014-06-30T08:12:39","modified_gmt":"2014-06-30T06:12:39","slug":"dossier","status":"publish","type":"page","link":"http:\/\/old.unmb.ro\/eng\/admission\/doctorate\/dossier\/","title":{"rendered":"Dossier"},"content":{"rendered":"<p>Se depun 2 (dou\u0103) dosare identice (cu acela\u015fi con\u0163inut, unul din dosare va con\u0163ine \u00een plus actele originale) cuprinz\u00e2nd urm\u0103toarele documente:<\/p>\n<ul>\n<li>cerere de \u00eenscriere*;<\/li>\n<li> certificat de na\u015ftere &#8211; copie legalizat\u0103;<\/li>\n<li> certificat de c\u0103s\u0103torie sau actul de eventual\u0103 schimbare a numelui &#8211; copie legalizat\u0103 (dac\u0103 este cazul);<\/li>\n<li> diploma de bacalaureat sau echivalenta &#8211; copie legalizat\u0103 + originalul, \u00eentr-unul din dosare;<\/li>\n<li> diploma de \u00eenv\u0103\u0163\u0103m\u00e2nt superior &#8211; copie legalizat\u0103 + originalul, \u00eentr-unul din dosare;<\/li>\n<li> foaia matricol\u0103 \/ supliment la diplom\u0103 &#8211; copie legalizat\u0103 + originalul, \u00eentr-unul din dosare; <\/li>\n<li> diploma de master (dac\u0103 este cazul);<\/li>\n<li> foaia matricol\u0103 \/ supliment la diplom\u0103 master (dac\u0103 este cazul) &#8211; copie legalizat\u0103;<\/li>\n<li> copie dup\u0103 pa\u015faport (pentru cet\u0103\u0163enii cu domiciliul \u00een alt\u0103 \u0163ar\u0103) sau alt act de identitate pentru spa\u0163iul U.E.;<\/li>\n<li> curriculum vitae \u015fi lista cu titlurile lucr\u0103rilor \u015ftiin\u0163ifice publicate \u015fi \/ sau, dup\u0103 caz, prezentarea activit\u0103\u0163ii artistice (de crea\u0163ie \u015fi \/ sau interpretare);<\/li>\n<li> propunerea unei teme (\u00een scris), cu justificarea importan\u0163ei acesteia;<\/li>\n<li> lista bibliografic\u0103 privind tema propus\u0103, pe baza c\u0103reia s\u0103 se poat\u0103 desf\u0103\u015fura concursul;<\/li>\n<li> chitan\u0163a de plat\u0103 a taxei de \u00eenscriere (plata se face la casieria universit\u0103\u0163ii corp &quot;C&quot;)<\/li>\n<\/ul>\n<p>___________________<br \/>\n* &#8211; Con\u0163inutul dosarului de \u00eenscriere inclusiv cererea tip se depun \u015fi \u00een format electronic <br \/>\n(un exemplar).<br \/>\n** &#8211; Toate documentele se depun \u00een dosare cu \u015fin\u0103 cu excep\u0163ia actelor originale<\/p>\n","protected":false},"excerpt":{"rendered":"<p>Se depun 2 (dou\u0103) dosare identice (cu acela\u015fi con\u0163inut, unul din dosare va con\u0163ine \u00een plus actele originale) cuprinz\u00e2nd urm\u0103toarele documente: cerere de \u00eenscriere*; certificat de na\u015ftere &#8211; copie legalizat\u0103; certificat de c\u0103s\u0103torie sau actul de eventual\u0103 schimbare a numelui &hellip; <a href=\"http:\/\/old.unmb.ro\/eng\/admission\/doctorate\/dossier\/\">Continue reading <span class=\"meta-nav\">&rarr;<\/span><\/a><\/p>\n","protected":false},"author":1,"featured_media":0,"parent":144,"menu_order":1,"comment_status":"closed","ping_status":"open","template":"","meta":[],"acf":[],"_links":{"self":[{"href":"http:\/\/old.unmb.ro\/eng\/wp-json\/wp\/v2\/pages\/146"}],"collection":[{"href":"http:\/\/old.unmb.ro\/eng\/wp-json\/wp\/v2\/pages"}],"about":[{"href":"http:\/\/old.unmb.ro\/eng\/wp-json\/wp\/v2\/types\/page"}],"author":[{"embeddable":true,"href":"http:\/\/old.unmb.ro\/eng\/wp-json\/wp\/v2\/users\/1"}],"replies":[{"embeddable":true,"href":"http:\/\/old.unmb.ro\/eng\/wp-json\/wp\/v2\/comments?post=146"}],"version-history":[{"count":2,"href":"http:\/\/old.unmb.ro\/eng\/wp-json\/wp\/v2\/pages\/146\/revisions"}],"predecessor-version":[{"id":466,"href":"http:\/\/old.unmb.ro\/eng\/wp-json\/wp\/v2\/pages\/146\/revisions\/466"}],"up":[{"embeddable":true,"href":"http:\/\/old.unmb.ro\/eng\/wp-json\/wp\/v2\/pages\/144"}],"wp:attachment":[{"href":"http:\/\/old.unmb.ro\/eng\/wp-json\/wp\/v2\/media?parent=146"}],"curies":[{"name":"wp","href":"https:\/\/api.w.org\/{rel}","templated":true}]}}