{"id":128,"date":"2014-05-31T09:06:09","date_gmt":"2014-05-31T07:06:09","guid":{"rendered":"http:\/\/www.unmb.ro\/eng\/?page_id=128"},"modified":"2016-09-13T09:45:25","modified_gmt":"2016-09-13T07:45:25","slug":"contact","status":"publish","type":"page","link":"http:\/\/old.unmb.ro\/eng\/about-us\/contact\/","title":{"rendered":"Contact"},"content":{"rendered":"<div class=\"noindent\">\n<h2>Universitatea Na\u0163ional\u0103 de Muzic\u0103  din Bucure\u015fti <\/h2>\n<p>Str. \u015etirbei Vod\u0103. nr.33,<br \/>\nSector 1,  010102 Bucure\u015fti<br \/>\nROM\u00c2NIA<br \/>\nTelefon: 021.314.26.10<\/p>\n<p><\/p>\n<h2>Rector<\/h2>\n<p><a href=\"http:\/\/www.unmb.ro\/wp-content\/uploads\/2013\/08\/CV-Prof.univ_.dr_.-Diana-Asinefta-Mo\u0219.pdf\" style=\"background:url(http:\/\/www.unmb.ro\/wp-content\/uploads\/2013\/08\/cv.png) top right no-repeat; padding-right:40px;\">Prof.univ.dr. Diana-Asinefta Mo\u0219 <\/a><br \/>\nTel.: +40 21 314 63 41<br \/>\nFax: +40 21 314 63 41<br \/>\nE-mail: <a href=\"mailto:rectorat@unmb.ro\">rectorat@unmb.ro<\/a><br \/><a href=\"mailto:diana.mos@unmb.ro\">diana.mos@unmb.ro<\/a><br \/>Program audien\u021be: Miercuri 10 &#8211; 12<br \/>\n<\/p>\n<h2>Prorector activitate artistic\u0103, rela\u021bia cu studen\u021bii, burse, club ALUMNI<\/h2>\n<p><a style=\"background:url(http:\/\/www.unmb.ro\/wp-content\/uploads\/2013\/08\/cv.png) top right no-repeat; padding-right:40px;\" href=\"http:\/\/www.unmb.ro\/wp-content\/uploads\/2013\/08\/CV-Prof.univ_.dr_.-Verona-Maier.pdf\">Prof.univ.dr. Verona Maier<\/a><br \/>\nTel.: +40 21 314 26 10 \/ 157<br \/>\nTel.: + 40 21 314 74 90<br \/>\nFax: + 40 21 314 74 90<br \/>\ne-mail: <a href=\"mailto:verona_maier@unmb.ro\">verona_maier@unmb.ro<\/a><br \/>\n<\/p>\n<h2>Prorector managementul calit\u0103\u021bii, programe de studii, DPPD<\/h2>\n<p><a style=\"background:url(http:\/\/www.unmb.ro\/wp-content\/uploads\/2013\/08\/cv.png) top right no-repeat; padding-right:40px;\" href=\"http:\/\/www.unmb.ro\/wp-content\/uploads\/2013\/08\/CV-Prof.univ_.dr_.-Corina-Antigona-R\u0103dulescu.pdf\">Prof.univ.dr. Corina Antigona R\u0103dulescu<\/a><br \/>\nTel.: +40 21 314 26 10 \/ 137<br \/>\nTel.: +40 0724 287 617<br \/>\nFax: +04 21 313 83 06<br \/>\ne-mail: <a href=\"mailto:antigonaradulescu@yahoo.com\">antigonaradulescu@yahoo.com <\/a><br \/>\n<\/p>\n<h2>Prorector cercetare \u0219tiin\u021bific\u0103 \/ artistic\u0103 (DCII), rela\u021bii interna\u021bionale (DRIPC)<\/h2>\n<p><a style=\"background:url(http:\/\/www.unmb.ro\/wp-content\/uploads\/2013\/08\/cv.png) top right no-repeat; padding-right:40px;\" href=\"http:\/\/www.unmb.ro\/wp-content\/uploads\/2013\/08\/CV-Prof.univ_.dr_.-Nicolae-Gheorghi\u021b\u0103.pdf\">Prof.univ.dr. Nicolae Gheorghi\u021b\u0103 <\/a><br \/>\nTel.: +40 21 314 26 10 \/ 133<br \/>\ne-mail: <a href=\"mailto:cercetare@unmb.ro\">cercetare@unmb.ro<\/a><br \/>Program audien\u021be: Miercuri 14 &#8211; 16<br \/>\n<\/p>\n<h2>Facultatea de Interpretare Muzical\u0103<\/h2>\n<p>Decan: <a style=\"background:url(http:\/\/www.unmb.ro\/wp-content\/uploads\/2013\/08\/cv.png) top right no-repeat; padding-right:40px;\" href=\"http:\/\/www.unmb.ro\/wp-content\/uploads\/2013\/08\/CV-Conf.univ_.dr_.-Cristina-Anca-Popescu-St\u0103ne\u0219ti.pdf\">Conf.univ.dr. Cristina-Anca Popescu-St\u0103ne\u0219ti<\/a><br \/>\nTel: +40 21 314 26 10\/ 110<br \/>\n     +40 21 314 74 90<br \/>\nFax: +40 21 314 74 90<br \/>\nE-mail: <a href=\"mailto:fim@unmb.ro\">fim@unmb.ro<\/a><br \/><a href=\"mailto:secretariatfim@unmb.ro\">secretariatfim@unmb.ro<\/a><br \/>\n<\/p>\n<h2>Facultatea de Compozi\u0163ie, Muzicologie \u015fi Pedagogie Muzical\u0103<\/h2>\n<p>Decan: <a style=\"background:url(http:\/\/www.unmb.ro\/wp-content\/uploads\/2013\/08\/cv.png) top right no-repeat; padding-right:40px;\" href=\"http:\/\/www.unmb.ro\/wp-content\/uploads\/2013\/08\/CV-Prof.univ_.dr_.-Olgu\u021ba-Carmen-Lupu.pdf\">Prof.univ.dr. Olgu\u021ba-Carmen Lupu<\/a><br \/>\nTel: +40 21 314 26 10\/ 120<br \/>\n     +40 21 313 83 06<br \/>\nFax: +40 21 313 83 06<br \/>\nE-mail: <a href=\"mailto:fcmpm@unmb.ro\">fcmpm@unmb.ro<\/a><br \/><a href=\"mailto:secretariat.fcmpm@unmb.ro\">secretariat.fcmpm@unmb.ro<\/a><br \/>\n<\/p>\n<h2>Rela\u021bii cu presa:<\/h2>\n<p><a style=\"background:url(http:\/\/www.unmb.ro\/wp-content\/uploads\/2013\/08\/cv.png) top right no-repeat; padding-right:40px;\" href=\"http:\/\/www.unmb.ro\/wp-content\/uploads\/2013\/08\/CV-Prof.univ_.dr_.-Nicolae-Gheorghi\u021b\u0103.pdf\">Prof.univ.dr. Nicolae Gheorghi\u021b\u0103<\/a><br \/>\nTel.: +40 21 314 26 10 \/ 133<br \/>\ne-mail: <a href=\"mailto:cercetare@unmb.ro\">cercetare@unmb.ro<\/a><br \/>\n<a href=\"mailto:international@unmb.ro\">international@unmb.ro<\/a><br \/>\n<\/p>\n<h2>Pre\u015fedintele Senatului Universit\u0103\u021bii (U.N.M.B.)<\/h2>\n<p><a style=\"background:url(http:\/\/www.unmb.ro\/wp-content\/uploads\/2013\/08\/cv.png) top right no-repeat; padding-right:40px;\" href=\"http:\/\/www.unmb.ro\/wp-content\/uploads\/2013\/08\/CV-Prof.univ_.dr_.-Dan-Dediu-Sandu.pdf\">Prof.univ.dr.dr.h.c. Dan Dediu-Sandu<\/a><br \/>\nTel.: + 40 21 314 26 10 \/ 199<br \/>\ne-mail: <a href=\"mailto:dan.dediu@unmb.ro\">dan.dediu@unmb.ro<\/a> <br \/>Program audien\u021be: Miercuri 13 &#8211; 15\n<\/div>\n<p><a href=\"http:\/\/www.unmb.ro\/wp-content\/uploads\/2010\/03\/harta_unmb.png\"><img class=\"alignleft size-medium wp-image-649\" title=\"harta_unmb\" src=\"http:\/\/www.unmb.ro\/wp-content\/uploads\/2010\/03\/harta_unmb.png\" alt=\"\" width=\"480\" \/><\/a><\/p>\n","protected":false},"excerpt":{"rendered":"<p>Universitatea Na\u0163ional\u0103 de Muzic\u0103 din Bucure\u015fti Str. \u015etirbei Vod\u0103. nr.33, Sector 1, 010102 Bucure\u015fti ROM\u00c2NIA Telefon: 021.314.26.10 Rector Prof.univ.dr. Diana-Asinefta Mo\u0219 Tel.: +40 21 314 63 41 Fax: +40 21 314 63 41 E-mail: rectorat@unmb.rodiana.mos@unmb.roProgram audien\u021be: Miercuri 10 &#8211; 12 &hellip; <a href=\"http:\/\/old.unmb.ro\/eng\/about-us\/contact\/\">Continue reading <span class=\"meta-nav\">&rarr;<\/span><\/a><\/p>\n","protected":false},"author":1,"featured_media":0,"parent":3,"menu_order":10,"comment_status":"closed","ping_status":"open","template":"","meta":[],"acf":[],"_links":{"self":[{"href":"http:\/\/old.unmb.ro\/eng\/wp-json\/wp\/v2\/pages\/128"}],"collection":[{"href":"http:\/\/old.unmb.ro\/eng\/wp-json\/wp\/v2\/pages"}],"about":[{"href":"http:\/\/old.unmb.ro\/eng\/wp-json\/wp\/v2\/types\/page"}],"author":[{"embeddable":true,"href":"http:\/\/old.unmb.ro\/eng\/wp-json\/wp\/v2\/users\/1"}],"replies":[{"embeddable":true,"href":"http:\/\/old.unmb.ro\/eng\/wp-json\/wp\/v2\/comments?post=128"}],"version-history":[{"count":5,"href":"http:\/\/old.unmb.ro\/eng\/wp-json\/wp\/v2\/pages\/128\/revisions"}],"predecessor-version":[{"id":730,"href":"http:\/\/old.unmb.ro\/eng\/wp-json\/wp\/v2\/pages\/128\/revisions\/730"}],"up":[{"embeddable":true,"href":"http:\/\/old.unmb.ro\/eng\/wp-json\/wp\/v2\/pages\/3"}],"wp:attachment":[{"href":"http:\/\/old.unmb.ro\/eng\/wp-json\/wp\/v2\/media?parent=128"}],"curies":[{"name":"wp","href":"https:\/\/api.w.org\/{rel}","templated":true}]}}