{"id":114,"date":"2014-05-31T09:04:00","date_gmt":"2014-05-31T07:04:00","guid":{"rendered":"http:\/\/www.unmb.ro\/eng\/?page_id=114"},"modified":"2015-03-23T14:26:50","modified_gmt":"2015-03-23T12:26:50","slug":"ethics","status":"publish","type":"page","link":"http:\/\/old.unmb.ro\/eng\/about-us\/reports\/ethics\/","title":{"rendered":"Ethics"},"content":{"rendered":"<p>Raport anual  con\u0163in\u00e2nd informa\u0163ii cu caracter public referitoare la activitatea comisiei de  etic\u0103 universitar\u0103 pentru anul calendaristic 2008<\/p>\n<p>\u00cen anul calendaristic 2008, Comisia de etic\u0103 din Universitatea Na\u0163ional\u0103 de  Muzic\u0103 din Bucure\u015fti s-a \u00eentrunit \u00een urm\u0103toarele \u015fedin\u0163e:<\/p>\n<ol>\n<li>\u00cen data de 1 iulie 2008, pentru a analiza memoriul nr.2271\/19.06.2008 depus  de d-na Pachef Ramona Cristina cadru didactic asociat care a reclamat  comportamentul total neadecvat al studen\u0163ilor Ciuraru V.Aurelian \u2013 anul I  Facultatea de Interpretare muzical\u0103 \u015fi Ilie N.Alin \u2013 anul I Facultatea de  Interpretare muzical\u0103, la ora de curs a domniei sale.<br \/>\n  La \u00eent\u00e2lnirea comisiei de  etic\u0103 a fost prezent\u0103 Doamna Pachef Ramona-Cristina.<br \/>\n  Studen\u0163ii: Ciuraru V. Aurelian \u2013 anul I Facultatea de Interpretare muzical\u0103 \u015fi  Ilie N.Alin \u2013 anul I Facultatea de Interpretare muzical\u0103, au fost convoca\u0163i  telefonic, dar nu s-au prezentat.<br \/>Comisia nu a acceptat m\u0103rturia telefonic\u0103 a studen\u0163ilor consider\u00e2nd-o  nerelevant\u0103 \u015fi neprocedural\u0103. Comisia de Etic\u0103 a propus convocarea \u00een scris a  studen\u0163ilor (cu scrisoare de confirmare) pentru data de 3 octombrie 2008, ora  13. Conflictul a fost stins.<\/li>\n<li>Comisia de etic\u0103 s-a  \u00eentrunit \u00een ziua de 1 iulie 2008, pentru a analiza sesizarea nr.2594\/01.07.2008  formulat\u0103 de Doamna Dobre Stelu\u0163a, portar la c\u0103minul U.N.M.B. (Str.  G-ral.Berthelot), privind comportamentul necorespunz\u0103tor al studentului Pascale  Sebastian.<br \/>\n  Au fost audia\u0163i urm\u0103torii: Stan Lucian \u2013 student an I (pian), Toni Ni\u0163\u0103 \u2013  student an III (compozi\u0163ie), Prodan Alin \u2013 absolvent, Augustin Pesnon (student  Erasmus) \u015fi Dobre Stelu\u0163a (portar).<br \/>\n  Nu s-a prezentat studentul Pascale Sebastian.<br \/>\n  Concluziile \u015fi propunerile comisiei au fost:<\/p>\n<ul>\n<li>\u00een situa\u0163ia \u00een care se organizeaz\u0103 anivers\u0103ri \u00een c\u0103min, s\u0103 existe aprobarea  scris\u0103 a Directorului General Administrativ, cu precizarea orelor de  desf\u0103\u015furare \u015fi persoana care r\u0103spunde de respectarea regulamentului de ordine  interioar\u0103;<\/li>\n<li>interdic\u0163ia de a intra \u00een c\u0103min pentru studentul Pascale Sebastian.<\/li>\n<\/ul>\n<p class=\"noindent\">Astfel, conflictul a fost stins pe cale amiabil\u0103.<\/p>\n<\/li>\n<\/ol>\n<p><\/p>\n<h2>Componen\u0163a Comisiei de etic\u0103 din U.N.M.B.<\/h2>\n<table class=\"conactTable\">\n<tr>\n<td>Pre\u015fedinte<\/td>\n<td>Conf. univ. Dr. Ladislau Csendes<\/td>\n<\/tr>\n<tr>\n<td>Membri<\/td>\n<td>Prof. univ .Dr. Ionel Voineag<\/td>\n<\/tr>\n<tr>\n<td><\/td>\n<td>Conf. univ. Dr. Verona Maier<\/td>\n<\/tr>\n<tr>\n<td><\/td>\n<td>Conf. univ. Dr. Christian Berger<\/td>\n<\/tr>\n<tr>\n<td><\/td>\n<td>Lect. univ. Dr. Roxana Gheorghiu<\/td>\n<\/tr>\n<tr>\n<td><\/td>\n<td>Stud. Cristina Uruc<\/td>\n<\/tr>\n<\/table>\n","protected":false},"excerpt":{"rendered":"<p>Raport anual con\u0163in\u00e2nd informa\u0163ii cu caracter public referitoare la activitatea comisiei de etic\u0103 universitar\u0103 pentru anul calendaristic 2008 \u00cen anul calendaristic 2008, Comisia de etic\u0103 din Universitatea Na\u0163ional\u0103 de Muzic\u0103 din Bucure\u015fti s-a \u00eentrunit \u00een urm\u0103toarele \u015fedin\u0163e: \u00cen data de &hellip; <a href=\"http:\/\/old.unmb.ro\/eng\/about-us\/reports\/ethics\/\">Continue reading <span class=\"meta-nav\">&rarr;<\/span><\/a><\/p>\n","protected":false},"author":1,"featured_media":0,"parent":110,"menu_order":2,"comment_status":"closed","ping_status":"open","template":"","meta":[],"acf":[],"_links":{"self":[{"href":"http:\/\/old.unmb.ro\/eng\/wp-json\/wp\/v2\/pages\/114"}],"collection":[{"href":"http:\/\/old.unmb.ro\/eng\/wp-json\/wp\/v2\/pages"}],"about":[{"href":"http:\/\/old.unmb.ro\/eng\/wp-json\/wp\/v2\/types\/page"}],"author":[{"embeddable":true,"href":"http:\/\/old.unmb.ro\/eng\/wp-json\/wp\/v2\/users\/1"}],"replies":[{"embeddable":true,"href":"http:\/\/old.unmb.ro\/eng\/wp-json\/wp\/v2\/comments?post=114"}],"version-history":[{"count":2,"href":"http:\/\/old.unmb.ro\/eng\/wp-json\/wp\/v2\/pages\/114\/revisions"}],"predecessor-version":[{"id":656,"href":"http:\/\/old.unmb.ro\/eng\/wp-json\/wp\/v2\/pages\/114\/revisions\/656"}],"up":[{"embeddable":true,"href":"http:\/\/old.unmb.ro\/eng\/wp-json\/wp\/v2\/pages\/110"}],"wp:attachment":[{"href":"http:\/\/old.unmb.ro\/eng\/wp-json\/wp\/v2\/media?parent=114"}],"curies":[{"name":"wp","href":"https:\/\/api.w.org\/{rel}","templated":true}]}}