{"id":108,"date":"2014-05-31T09:03:19","date_gmt":"2014-05-31T07:03:19","guid":{"rendered":"http:\/\/www.unmb.ro\/eng\/?page_id=108"},"modified":"2014-11-14T09:50:15","modified_gmt":"2014-11-14T07:50:15","slug":"partners","status":"publish","type":"page","link":"http:\/\/old.unmb.ro\/eng\/about-us\/history-partnerships\/partners\/","title":{"rendered":"Partners"},"content":{"rendered":"<table width=\"100%\">\n<tbody>\n<tr>\n<td><img loading=\"lazy\" class=\"alignnone size-full wp-image-1969\" alt=\"1 Fil G Enescu\" src=\"http:\/\/www.unmb.ro\/wp-content\/uploads\/2013\/08\/1-Fil-G-Enescu.jpg\" width=\"150\" height=\"71\" \/><\/td>\n<td style=\"vertical-align:middle\">Filarmonica &#8220;George Enescu&#8221; Bucure\u0219ti<\/td>\n<\/tr>\n<tr>\n<td><img loading=\"lazy\" class=\"alignnone size-full wp-image-1970\" alt=\"2 Radio_Romania\" src=\"http:\/\/www.unmb.ro\/wp-content\/uploads\/2013\/08\/2-Radio_Romania.jpg\" width=\"150\" height=\"76\" \/><\/td>\n<td style=\"vertical-align:middle\">Societatea Rom\u00e2n\u0103 de Radiodifuziune<\/td>\n<\/tr>\n<tr>\n<td><img loading=\"lazy\" class=\"alignnone size-full wp-image-1971\" alt=\"3 Uniunea comp\" src=\"http:\/\/www.unmb.ro\/wp-content\/uploads\/2013\/08\/3-Uniunea-comp.jpg\" width=\"150\" height=\"183\" \/><\/td>\n<td style=\"vertical-align:middle\">Uniunea Compozitorilor \u015fi Muzicologilor din Rom\u00e2nia<\/td>\n<\/tr>\n<tr>\n<td>\u00a0<img loading=\"lazy\" class=\"alignnone size-full wp-image-1972\" alt=\"4 Artexim\" src=\"http:\/\/www.unmb.ro\/wp-content\/uploads\/2013\/08\/4-Artexim.png\" width=\"150\" height=\"99\" \/><\/td>\n<td style=\"vertical-align:middle\">Artexim \u2013 Festivalul \u015fi Concursul Interna\u0163ional &#8220;George Enescu&#8221;<\/td>\n<\/tr>\n<tr>\n<td>\u00a0<img loading=\"lazy\" class=\"alignnone size-full wp-image-1973\" alt=\"5 SNR-Simc\" src=\"http:\/\/www.unmb.ro\/wp-content\/uploads\/2013\/08\/5-SNR-Simc.jpg\" width=\"150\" height=\"88\" \/><\/td>\n<td style=\"vertical-align:middle\">SNR \u2013 Societatea Interna\u0163ional\u0103 de Muzic\u0103 Contemporan\u0103<\/td>\n<\/tr>\n<tr>\n<td>\u00a0<img loading=\"lazy\" class=\"alignnone size-full wp-image-1974\" alt=\"6 UNATC\" src=\"http:\/\/www.unmb.ro\/wp-content\/uploads\/2013\/08\/6-UNATC.png\" width=\"150\" height=\"132\" \/><\/td>\n<td style=\"vertical-align:middle\">Universitatea Na\u0163ional\u0103 de Art\u0103 Teatral\u0103 \u015fi Cinematografic\u0103<\/td>\n<\/tr>\n<tr>\n<td>\u00a0<img loading=\"lazy\" class=\"alignnone size-full wp-image-1975\" alt=\"7 Fundatia remember Enescu\" src=\"http:\/\/www.unmb.ro\/wp-content\/uploads\/2013\/08\/7-Fundatia-remember-Enescu.jpg\" width=\"150\" height=\"43\" \/><\/td>\n<td style=\"vertical-align:middle\">Funda\u0163ia Cultural\u0103 &#8220;Remember Enescu&#8221;<\/td>\n<\/tr>\n<tr>\n<td>\u00a0<img loading=\"lazy\" class=\"alignnone size-full wp-image-1976\" alt=\"8 fundatia Principesa Margareta\" src=\"http:\/\/www.unmb.ro\/wp-content\/uploads\/2013\/08\/8-fundatia-Principesa-Margareta.jpg\" width=\"150\" height=\"65\" \/><\/td>\n<td style=\"vertical-align:middle\">Funda\u0163ia Principesa Margareta a Rom\u00e2niei<\/td>\n<\/tr>\n<tr>\n<td>\u00a0<img loading=\"lazy\" class=\"alignnone size-full wp-image-1977\" alt=\"9 Fund ConstantART\" src=\"http:\/\/www.unmb.ro\/wp-content\/uploads\/2013\/08\/9-Fund-ConstantART.jpg\" width=\"150\" height=\"72\" \/><\/td>\n<td style=\"vertical-align:middle\">Funda\u0163ia ConstantART<\/td>\n<\/tr>\n<tr>\n<td>\u00a0<img loading=\"lazy\" class=\"alignnone size-full wp-image-1978\" alt=\"10 Fundatia Celibidache\" src=\"http:\/\/www.unmb.ro\/wp-content\/uploads\/2013\/08\/10-Fundatia-Celibidache.png\" width=\"150\" height=\"37\" \/><\/td>\n<td style=\"vertical-align:middle\">Funda\u0163ia Sergiu Celibidache<\/td>\n<\/tr>\n<tr>\n<td>\u00a0<img loading=\"lazy\" class=\"alignnone size-full wp-image-1979\" alt=\"11 Fund romana pt excelenta in muzica\" src=\"http:\/\/www.unmb.ro\/wp-content\/uploads\/2013\/08\/11-Fund-romana-pt-excelenta-in-muzica.png\" width=\"150\" height=\"150\" \/><\/td>\n<td style=\"vertical-align:middle\">Funda\u0163ia Rom\u00e2n\u0103 pentru Excelen\u0163\u0103 \u00een Muzic\u0103<\/td>\n<\/tr>\n<tr>\n<td>\u00a0<img loading=\"lazy\" class=\"alignnone size-full wp-image-1980\" alt=\"12 Asociatia opus\" src=\"http:\/\/www.unmb.ro\/wp-content\/uploads\/2013\/08\/12-Asociatia-opus.png\" width=\"150\" height=\"173\" \/><\/td>\n<td style=\"vertical-align:middle\">Asocia\u0163ia Opus<\/td>\n<\/tr>\n<tr>\n<td>\u00a0<img loading=\"lazy\" class=\"alignnone size-full wp-image-1981\" alt=\"13 YamahaCorp\" src=\"http:\/\/www.unmb.ro\/wp-content\/uploads\/2013\/08\/13-YamahaCorp.png\" width=\"150\" height=\"34\" \/><\/td>\n<td style=\"vertical-align:middle\">Yamaha Corporation<\/td>\n<\/tr>\n<tr>\n<td>\u00a0<img loading=\"lazy\" class=\"alignnone size-full wp-image-1982\" alt=\"14 webcultura\" src=\"http:\/\/www.unmb.ro\/wp-content\/uploads\/2013\/08\/14-webcultura.png\" width=\"150\" height=\"56\" \/><\/td>\n<td style=\"vertical-align:middle\">WebCultura<\/td>\n<\/tr>\n<tr>\n<td>\u00a0<img loading=\"lazy\" src=\"http:\/\/www.unmb.ro\/wp-content\/uploads\/2013\/08\/LOGO-RRC-ALB-MARE.jpg\" alt=\"LOGO-RRC-ALB-MARE\" width=\"150\" height=\"70\" class=\"aligncenter size-full wp-image-3372\" \/><\/td>\n<td style=\"vertical-align:middle\">Radio Romania Cultural<\/td>\n<\/tr>\n<tr>\n<td>\u00a0<img loading=\"lazy\" src=\"http:\/\/www.unmb.ro\/wp-content\/uploads\/2013\/08\/logoRRMalb11.jpg\" alt=\"logoRRMalb11\" width=\"150\" height=\"70\" class=\"aligncenter size-full wp-image-3373\" \/><\/td>\n<td style=\"vertical-align:middle\">Radio Romania Muzical<\/td>\n<\/tr>\n<\/tbody>\n<\/table>\n","protected":false},"excerpt":{"rendered":"<p>Filarmonica &#8220;George Enescu&#8221; Bucure\u0219ti Societatea Rom\u00e2n\u0103 de Radiodifuziune Uniunea Compozitorilor \u015fi Muzicologilor din Rom\u00e2nia \u00a0 Artexim \u2013 Festivalul \u015fi Concursul Interna\u0163ional &#8220;George Enescu&#8221; \u00a0 SNR \u2013 Societatea Interna\u0163ional\u0103 de Muzic\u0103 Contemporan\u0103 \u00a0 Universitatea Na\u0163ional\u0103 de Art\u0103 Teatral\u0103 \u015fi Cinematografic\u0103 \u00a0 &hellip; <a href=\"http:\/\/old.unmb.ro\/eng\/about-us\/history-partnerships\/partners\/\">Continue reading <span class=\"meta-nav\">&rarr;<\/span><\/a><\/p>\n","protected":false},"author":1,"featured_media":0,"parent":100,"menu_order":4,"comment_status":"closed","ping_status":"open","template":"","meta":[],"acf":[],"_links":{"self":[{"href":"http:\/\/old.unmb.ro\/eng\/wp-json\/wp\/v2\/pages\/108"}],"collection":[{"href":"http:\/\/old.unmb.ro\/eng\/wp-json\/wp\/v2\/pages"}],"about":[{"href":"http:\/\/old.unmb.ro\/eng\/wp-json\/wp\/v2\/types\/page"}],"author":[{"embeddable":true,"href":"http:\/\/old.unmb.ro\/eng\/wp-json\/wp\/v2\/users\/1"}],"replies":[{"embeddable":true,"href":"http:\/\/old.unmb.ro\/eng\/wp-json\/wp\/v2\/comments?post=108"}],"version-history":[{"count":2,"href":"http:\/\/old.unmb.ro\/eng\/wp-json\/wp\/v2\/pages\/108\/revisions"}],"predecessor-version":[{"id":592,"href":"http:\/\/old.unmb.ro\/eng\/wp-json\/wp\/v2\/pages\/108\/revisions\/592"}],"up":[{"embeddable":true,"href":"http:\/\/old.unmb.ro\/eng\/wp-json\/wp\/v2\/pages\/100"}],"wp:attachment":[{"href":"http:\/\/old.unmb.ro\/eng\/wp-json\/wp\/v2\/media?parent=108"}],"curies":[{"name":"wp","href":"https:\/\/api.w.org\/{rel}","templated":true}]}}